{"id":4911,"date":"2020-09-23T00:15:45","date_gmt":"2020-09-23T00:15:45","guid":{"rendered":"https:\/\/joycecountrygeoparkproject.ie\/?page_id=4911"},"modified":"2021-07-16T09:28:54","modified_gmt":"2021-07-16T09:28:54","slug":"business-network","status":"publish","type":"page","link":"https:\/\/joycecountrygeoparkproject.ie\/fr\/business-network\/","title":{"rendered":"Business Network"},"content":{"rendered":"<div class=\"wpb-content-wrapper\"><section class=\"vc_section\"><section class=\"vc_row wpb_row vc_row-fluid vc_custom_1597317250453 row-contains-padding-top row-contains-padding-bottom liquid-row-shadowbox-69d2a8526e299\"><div class=\"ld-container container\"><div class=\"row ld-row\"><div class=\"wpb_column vc_column_container vc_col-sm-12 liquid-column-69d2a8526e58a\"><div class=\"vc_column-inner\"><div class=\"wpb_wrapper\"   ><div class=\"wpb_wrapper-inner\"><div data-custom-animations=\"true\" data-ca-options='{\"triggerHandler\":\"inview\",\"animationTarget\":\".wpb_column\",\"duration\":700,\"delay\":100,\"easing\":\"easeOutQuint\",\"direction\":\"forward\",\"initValues\":[],\"animations\":[]}' class=\"vc_row wpb_row vc_inner vc_row-fluid vc_custom_1600773241033 liquid-row-shadowbox-69d2a8526e717 vc_column-gap-35 vc_row-o-equal-height vc_row-o-content-middle vc_row-flex\"><div class=\"wpb_column vc_column_container vc_col-sm-6 liquid-column-69d2a8526e917\"><div class=\"vc_column-inner\"><div class=\"wpb_wrapper\"  ><div class=\"wpb_wrapper-inner\">\n\t<div class=\"wpb_text_column wpb_content_element\" >\n\t\t<div class=\"wpb_wrapper\">\n\t\t\t<h2>BUSINESS<br \/>\nNETWORK<\/h2>\n\n\t\t<\/div>\n\t<\/div>\n<style>.ld_spacer_69d2a8526ea08{height:100px;}<\/style>\n<div class=\"ld-empty-space ld_spacer_69d2a8526ea08\"><span class=\"liquid_empty_space_inner\"><\/span><\/div>\n\t<div class=\"wpb_text_column wpb_content_element\" >\n\t\t<div class=\"wpb_wrapper\">\n\t\t\t<p>We are helping to establish and sustain networks of service providers in the geopark region. They include people involved in accommodation, food and drinks, heritage and arts, textiles and crafts, education, hiking walking cycling and nature, guiding, fishing, adventure sports, retail shops.<\/p>\n<p>Watch this space!<\/p>\n\n\t\t<\/div>\n\t<\/div>\n<\/div><\/div><\/div><\/div><div class=\"wpb_column vc_column_container vc_col-sm-6 liquid-column-69d2a8526ec63\"><div class=\"vc_column-inner\"><div class=\"wpb_wrapper\"  ><div class=\"wpb_wrapper-inner\">\n\t<div  class=\"wpb_single_image wpb_content_element vc_align_center  liquid_vc_single_image-69d2a8527da37\">\n\t\t\n\t\t<figure class=\"wpb_wrapper vc_figure\">\n\t\t\t<div class=\"vc_single_image-wrapper   vc_box_border_grey\"><img loading=\"lazy\" decoding=\"async\" width=\"780\" height=\"519\" src=\"data:image\/svg+xml;charset=utf-8,&lt;svg xmlns%3D&#039;http%3A%2F%2Fwww.w3.org%2F2000%2Fsvg&#039; viewBox%3D&#039;0 0 1024 682&#039;%2F&gt;\" class=\"vc_single_image-img attachment-large ld-lazyload\" alt=\"\" title=\"Global-Social-Network-And-Conn-opt\" srcset=\"\" sizes=\"auto, (max-width: 780px) 100vw, 780px\" data-src=\"https:\/\/joycecountrygeoparkproject.ie\/wp-content\/uploads\/2020\/09\/Global-Social-Network-And-Conn-opt-1024x682.jpg\" data-srcset=\"https:\/\/joycecountrygeoparkproject.ie\/wp-content\/uploads\/2020\/09\/Global-Social-Network-And-Conn-opt-1024x682.jpg 1024w, https:\/\/joycecountrygeoparkproject.ie\/wp-content\/uploads\/2020\/09\/Global-Social-Network-And-Conn-opt-300x200.jpg 300w, https:\/\/joycecountrygeoparkproject.ie\/wp-content\/uploads\/2020\/09\/Global-Social-Network-And-Conn-opt-16x12.jpg 16w, https:\/\/joycecountrygeoparkproject.ie\/wp-content\/uploads\/2020\/09\/Global-Social-Network-And-Conn-opt.jpg 2000w\" data-aspect=\"1.5014662756598\" \/><\/div>\n\t\t<\/figure>\n\t<\/div>\n<\/div><\/div><\/div><\/div><\/div><style>.ld_spacer_69d2a8527daaf{height:32px;}<\/style>\n<div class=\"ld-empty-space ld_spacer_69d2a8527daaf\"><span class=\"liquid_empty_space_inner\"><\/span><\/div>\n\t<div class=\"wpb_text_column wpb_content_element\" >\n\t\t<div class=\"wpb_wrapper\">\n\t\t\t<p>As part of our June 2021 conference, our &#8216;Tourism Business Networks in Action&#8217; workshop explores how local businesses work together in their respective networks. For the last 15 to 20 years community tourism networks have been springing up all over the island of Ireland. These community tourism networks are always a group of dynamic people whose common aim is to improve the economic, social and cultural development of their region for its residents and visitors alike. The advent of digital and social media platforms has led to incredible branding and awareness campaigns by such groups all over the Island of Ireland. Our tourism development officer, Dominic \u00d3 M\u00f3r\u00e1in, and geopark manager, Michael Hegarty, will be discussing with two energetic and powerful examples of these networks represented by Brigitte Curtin of the <a href=\"https:\/\/burren.ie\/\">Burren EcoTourism Network<\/a>\u00a0and Carmel Walsh from the\u00a0<a href=\"https:\/\/www.goconnemara.com\/\">Connemara Loop<\/a>. Watch the workshop by clicking <a href=\"https:\/\/www.youtube.com\/watch?v=-gf3yKqLte4&amp;t=2s\"><strong>here<\/strong><\/a>.<\/p>\n\n\t\t<\/div>\n\t<\/div>\n<div class=\"vc_row wpb_row vc_inner vc_row-fluid liquid-row-shadowbox-69d2a8527dcf3\"><div class=\"wpb_column vc_column_container vc_col-sm-12 text-center liquid-column-69d2a8527def3\"><div class=\"vc_column-inner\"><div class=\"wpb_wrapper\"  ><div class=\"wpb_wrapper-inner\"><style>.ld_spacer_69d2a8527df37{height:100px;}<\/style>\n<div class=\"ld-empty-space ld_spacer_69d2a8527df37\"><span class=\"liquid_empty_space_inner\"><\/span><\/div><a href=\"https:\/\/joycecountrygeoparkproject.ie\/fr\/contact-us\/\" title=\"Contactez Nous\" class=\"btn btn-default btn-bordered border-thin ld_button_69d2a8527dfd6\">\n\t<span>\n\t\t\n\t\t\t\t\t<span class=\"btn-txt\">REGISTER YOUR INTEREST<\/span>\n\t\t\t\n\t\t\t\t<\/span>\n<\/a>\n<\/div><\/div><\/div><\/div><\/div><\/div><\/div><\/div><\/div><\/div><\/div><\/section><\/section>\n<\/div>","protected":false},"excerpt":{"rendered":"BUSINESS NETWORK We are helping to establish and sustain networks of service providers in the...","protected":false},"author":1,"featured_media":4676,"parent":0,"menu_order":0,"comment_status":"closed","ping_status":"closed","template":"","meta":{"footnotes":""},"class_list":["post-4911","page","type-page","status-publish","has-post-thumbnail","hentry"],"yoast_head":"<!-- This site is optimized with the Yoast SEO plugin v24.0 - https:\/\/yoast.com\/wordpress\/plugins\/seo\/ -->\n<title>Business Network &#8212; Joyce Country &amp; Western Lakes Geopark Project<\/title>\n<meta name=\"robots\" content=\"index, follow, max-snippet:-1, max-image-preview:large, max-video-preview:-1\" \/>\n<link rel=\"canonical\" href=\"https:\/\/joycecountrygeoparkproject.ie\/fr\/business-network\/\" \/>\n<meta property=\"og:locale\" content=\"fr_FR\" \/>\n<meta property=\"og:type\" content=\"article\" \/>\n<meta property=\"og:title\" content=\"Business Network &#8212; Joyce Country &amp; Western Lakes Geopark Project\" \/>\n<meta property=\"og:url\" content=\"https:\/\/joycecountrygeoparkproject.ie\/fr\/business-network\/\" \/>\n<meta property=\"og:site_name\" content=\"Joyce Country &amp; Western Lakes Geopark Project\" \/>\n<meta property=\"article:publisher\" content=\"https:\/\/www.facebook.com\/JCWLGeopark\/\" \/>\n<meta property=\"article:modified_time\" content=\"2021-07-16T09:28:54+00:00\" \/>\n<meta property=\"og:image\" content=\"https:\/\/joycecountrygeoparkproject.ie\/wp-content\/uploads\/2020\/09\/Global-Social-Network-And-Conn-opt.jpg\" \/>\n\t<meta property=\"og:image:width\" content=\"2000\" \/>\n\t<meta property=\"og:image:height\" content=\"1333\" \/>\n\t<meta property=\"og:image:type\" content=\"image\/jpeg\" \/>\n<meta name=\"twitter:card\" content=\"summary_large_image\" \/>\n<meta name=\"twitter:site\" content=\"@JCWLGeopark\" \/>\n<meta name=\"twitter:label1\" content=\"Dur\u00e9e de lecture estim\u00e9e\" \/>\n\t<meta name=\"twitter:data1\" content=\"2 minutes\" \/>\n<script type=\"application\/ld+json\" class=\"yoast-schema-graph\">{\"@context\":\"https:\/\/schema.org\",\"@graph\":[{\"@type\":\"WebPage\",\"@id\":\"https:\/\/joycecountrygeoparkproject.ie\/en\/business-network\/\",\"url\":\"https:\/\/joycecountrygeoparkproject.ie\/en\/business-network\/\",\"name\":\"Business Network &#8212; Joyce Country &amp; Western Lakes Geopark Project\",\"isPartOf\":{\"@id\":\"https:\/\/joycecountrygeoparkproject.ie\/en\/#website\"},\"primaryImageOfPage\":{\"@id\":\"https:\/\/joycecountrygeoparkproject.ie\/en\/business-network\/#primaryimage\"},\"image\":{\"@id\":\"https:\/\/joycecountrygeoparkproject.ie\/en\/business-network\/#primaryimage\"},\"thumbnailUrl\":\"https:\/\/joycecountrygeoparkproject.ie\/wp-content\/uploads\/2020\/09\/Global-Social-Network-And-Conn-opt.jpg\",\"datePublished\":\"2020-09-23T00:15:45+00:00\",\"dateModified\":\"2021-07-16T09:28:54+00:00\",\"breadcrumb\":{\"@id\":\"https:\/\/joycecountrygeoparkproject.ie\/en\/business-network\/#breadcrumb\"},\"inLanguage\":\"fr-FR\",\"potentialAction\":[{\"@type\":\"ReadAction\",\"target\":[\"https:\/\/joycecountrygeoparkproject.ie\/en\/business-network\/\"]}]},{\"@type\":\"ImageObject\",\"inLanguage\":\"fr-FR\",\"@id\":\"https:\/\/joycecountrygeoparkproject.ie\/en\/business-network\/#primaryimage\",\"url\":\"https:\/\/joycecountrygeoparkproject.ie\/wp-content\/uploads\/2020\/09\/Global-Social-Network-And-Conn-opt.jpg\",\"contentUrl\":\"https:\/\/joycecountrygeoparkproject.ie\/wp-content\/uploads\/2020\/09\/Global-Social-Network-And-Conn-opt.jpg\",\"width\":2000,\"height\":1333},{\"@type\":\"BreadcrumbList\",\"@id\":\"https:\/\/joycecountrygeoparkproject.ie\/en\/business-network\/#breadcrumb\",\"itemListElement\":[{\"@type\":\"ListItem\",\"position\":1,\"name\":\"Home\",\"item\":\"https:\/\/joycecountrygeoparkproject.ie\/\"},{\"@type\":\"ListItem\",\"position\":2,\"name\":\"Business Network\"}]},{\"@type\":\"WebSite\",\"@id\":\"https:\/\/joycecountrygeoparkproject.ie\/en\/#website\",\"url\":\"https:\/\/joycecountrygeoparkproject.ie\/en\/\",\"name\":\"Joyce Country And Western Lakes Geopark\",\"description\":\"Working towards a Geopark in the West of Ireland\",\"publisher\":{\"@id\":\"https:\/\/joycecountrygeoparkproject.ie\/en\/#organization\"},\"potentialAction\":[{\"@type\":\"SearchAction\",\"target\":{\"@type\":\"EntryPoint\",\"urlTemplate\":\"https:\/\/joycecountrygeoparkproject.ie\/en\/?s={search_term_string}\"},\"query-input\":{\"@type\":\"PropertyValueSpecification\",\"valueRequired\":true,\"valueName\":\"search_term_string\"}}],\"inLanguage\":\"fr-FR\"},{\"@type\":\"Organization\",\"@id\":\"https:\/\/joycecountrygeoparkproject.ie\/en\/#organization\",\"name\":\"Joyce Country And Western Lakes Geopark\",\"url\":\"https:\/\/joycecountrygeoparkproject.ie\/en\/\",\"logo\":{\"@type\":\"ImageObject\",\"inLanguage\":\"fr-FR\",\"@id\":\"https:\/\/joycecountrygeoparkproject.ie\/en\/#\/schema\/logo\/image\/\",\"url\":\"https:\/\/joycecountrygeoparkproject.ie\/wp-content\/uploads\/2020\/07\/Landscape-logo_colour_resize.svg\",\"contentUrl\":\"https:\/\/joycecountrygeoparkproject.ie\/wp-content\/uploads\/2020\/07\/Landscape-logo_colour_resize.svg\",\"width\":1,\"height\":1,\"caption\":\"Joyce Country And Western Lakes Geopark\"},\"image\":{\"@id\":\"https:\/\/joycecountrygeoparkproject.ie\/en\/#\/schema\/logo\/image\/\"},\"sameAs\":[\"https:\/\/www.facebook.com\/JCWLGeopark\/\",\"https:\/\/x.com\/JCWLGeopark\",\"https:\/\/www.instagram.com\/JCWLGeopark\/\",\"https:\/\/www.youtube.com\/@JCWLGeopark\"]}]}<\/script>\n<!-- \/ Yoast SEO plugin. -->","yoast_head_json":{"title":"Business Network &#8212; Joyce Country &amp; Western Lakes Geopark Project","robots":{"index":"index","follow":"follow","max-snippet":"max-snippet:-1","max-image-preview":"max-image-preview:large","max-video-preview":"max-video-preview:-1"},"canonical":"https:\/\/joycecountrygeoparkproject.ie\/fr\/business-network\/","og_locale":"fr_FR","og_type":"article","og_title":"Business Network &#8212; Joyce Country &amp; Western Lakes Geopark Project","og_url":"https:\/\/joycecountrygeoparkproject.ie\/fr\/business-network\/","og_site_name":"Joyce Country &amp; Western Lakes Geopark Project","article_publisher":"https:\/\/www.facebook.com\/JCWLGeopark\/","article_modified_time":"2021-07-16T09:28:54+00:00","og_image":[{"width":2000,"height":1333,"url":"https:\/\/joycecountrygeoparkproject.ie\/wp-content\/uploads\/2020\/09\/Global-Social-Network-And-Conn-opt.jpg","type":"image\/jpeg"}],"twitter_card":"summary_large_image","twitter_site":"@JCWLGeopark","twitter_misc":{"Dur\u00e9e de lecture estim\u00e9e":"2 minutes"},"schema":{"@context":"https:\/\/schema.org","@graph":[{"@type":"WebPage","@id":"https:\/\/joycecountrygeoparkproject.ie\/en\/business-network\/","url":"https:\/\/joycecountrygeoparkproject.ie\/en\/business-network\/","name":"Business Network &#8212; Joyce Country &amp; Western Lakes Geopark Project","isPartOf":{"@id":"https:\/\/joycecountrygeoparkproject.ie\/en\/#website"},"primaryImageOfPage":{"@id":"https:\/\/joycecountrygeoparkproject.ie\/en\/business-network\/#primaryimage"},"image":{"@id":"https:\/\/joycecountrygeoparkproject.ie\/en\/business-network\/#primaryimage"},"thumbnailUrl":"https:\/\/joycecountrygeoparkproject.ie\/wp-content\/uploads\/2020\/09\/Global-Social-Network-And-Conn-opt.jpg","datePublished":"2020-09-23T00:15:45+00:00","dateModified":"2021-07-16T09:28:54+00:00","breadcrumb":{"@id":"https:\/\/joycecountrygeoparkproject.ie\/en\/business-network\/#breadcrumb"},"inLanguage":"fr-FR","potentialAction":[{"@type":"ReadAction","target":["https:\/\/joycecountrygeoparkproject.ie\/en\/business-network\/"]}]},{"@type":"ImageObject","inLanguage":"fr-FR","@id":"https:\/\/joycecountrygeoparkproject.ie\/en\/business-network\/#primaryimage","url":"https:\/\/joycecountrygeoparkproject.ie\/wp-content\/uploads\/2020\/09\/Global-Social-Network-And-Conn-opt.jpg","contentUrl":"https:\/\/joycecountrygeoparkproject.ie\/wp-content\/uploads\/2020\/09\/Global-Social-Network-And-Conn-opt.jpg","width":2000,"height":1333},{"@type":"BreadcrumbList","@id":"https:\/\/joycecountrygeoparkproject.ie\/en\/business-network\/#breadcrumb","itemListElement":[{"@type":"ListItem","position":1,"name":"Home","item":"https:\/\/joycecountrygeoparkproject.ie\/"},{"@type":"ListItem","position":2,"name":"Business Network"}]},{"@type":"WebSite","@id":"https:\/\/joycecountrygeoparkproject.ie\/en\/#website","url":"https:\/\/joycecountrygeoparkproject.ie\/en\/","name":"Joyce Country And Western Lakes Geopark","description":"Working towards a Geopark in the West of Ireland","publisher":{"@id":"https:\/\/joycecountrygeoparkproject.ie\/en\/#organization"},"potentialAction":[{"@type":"SearchAction","target":{"@type":"EntryPoint","urlTemplate":"https:\/\/joycecountrygeoparkproject.ie\/en\/?s={search_term_string}"},"query-input":{"@type":"PropertyValueSpecification","valueRequired":true,"valueName":"search_term_string"}}],"inLanguage":"fr-FR"},{"@type":"Organization","@id":"https:\/\/joycecountrygeoparkproject.ie\/en\/#organization","name":"Joyce Country And Western Lakes Geopark","url":"https:\/\/joycecountrygeoparkproject.ie\/en\/","logo":{"@type":"ImageObject","inLanguage":"fr-FR","@id":"https:\/\/joycecountrygeoparkproject.ie\/en\/#\/schema\/logo\/image\/","url":"https:\/\/joycecountrygeoparkproject.ie\/wp-content\/uploads\/2020\/07\/Landscape-logo_colour_resize.svg","contentUrl":"https:\/\/joycecountrygeoparkproject.ie\/wp-content\/uploads\/2020\/07\/Landscape-logo_colour_resize.svg","width":1,"height":1,"caption":"Joyce Country And Western Lakes Geopark"},"image":{"@id":"https:\/\/joycecountrygeoparkproject.ie\/en\/#\/schema\/logo\/image\/"},"sameAs":["https:\/\/www.facebook.com\/JCWLGeopark\/","https:\/\/x.com\/JCWLGeopark","https:\/\/www.instagram.com\/JCWLGeopark\/","https:\/\/www.youtube.com\/@JCWLGeopark"]}]}},"_links":{"self":[{"href":"https:\/\/joycecountrygeoparkproject.ie\/fr\/wp-json\/wp\/v2\/pages\/4911","targetHints":{"allow":["GET"]}}],"collection":[{"href":"https:\/\/joycecountrygeoparkproject.ie\/fr\/wp-json\/wp\/v2\/pages"}],"about":[{"href":"https:\/\/joycecountrygeoparkproject.ie\/fr\/wp-json\/wp\/v2\/types\/page"}],"author":[{"embeddable":true,"href":"https:\/\/joycecountrygeoparkproject.ie\/fr\/wp-json\/wp\/v2\/users\/1"}],"replies":[{"embeddable":true,"href":"https:\/\/joycecountrygeoparkproject.ie\/fr\/wp-json\/wp\/v2\/comments?post=4911"}],"version-history":[{"count":5,"href":"https:\/\/joycecountrygeoparkproject.ie\/fr\/wp-json\/wp\/v2\/pages\/4911\/revisions"}],"predecessor-version":[{"id":6389,"href":"https:\/\/joycecountrygeoparkproject.ie\/fr\/wp-json\/wp\/v2\/pages\/4911\/revisions\/6389"}],"wp:featuredmedia":[{"embeddable":true,"href":"https:\/\/joycecountrygeoparkproject.ie\/fr\/wp-json\/wp\/v2\/media\/4676"}],"wp:attachment":[{"href":"https:\/\/joycecountrygeoparkproject.ie\/fr\/wp-json\/wp\/v2\/media?parent=4911"}],"curies":[{"name":"wp","href":"https:\/\/api.w.org\/{rel}","templated":true}]}}