{"id":5258,"date":"2020-10-07T11:11:51","date_gmt":"2020-10-07T11:11:51","guid":{"rendered":"https:\/\/joycecountrygeoparkproject.ie\/?page_id=5258"},"modified":"2022-07-12T14:31:18","modified_gmt":"2022-07-12T14:31:18","slug":"festivals","status":"publish","type":"page","link":"https:\/\/joycecountrygeoparkproject.ie\/fr\/festivals\/","title":{"rendered":"Festivals et \u00c9v\u00e9nements R\u00e9guliers"},"content":{"rendered":"<div class=\"wpb-content-wrapper\"><section class=\"vc_section\"><section class=\"vc_row wpb_row vc_row-fluid vc_custom_1597317250453 row-contains-padding-top row-contains-padding-bottom liquid-row-shadowbox-69d4f42e62533\"><div class=\"ld-container container\"><div class=\"row ld-row\"><div class=\"wpb_column vc_column_container vc_col-sm-12 liquid-column-69d4f42e62683\"><div class=\"vc_column-inner\"><div class=\"wpb_wrapper\"   ><div class=\"wpb_wrapper-inner\"><div data-custom-animations=\"true\" data-ca-options='{\"triggerHandler\":\"inview\",\"animationTarget\":\".wpb_column\",\"duration\":700,\"delay\":100,\"easing\":\"easeOutQuint\",\"direction\":\"forward\",\"initValues\":[],\"animations\":[]}' class=\"vc_row wpb_row vc_inner vc_row-fluid vc_custom_1600773241033 liquid-row-shadowbox-69d4f42e6286e vc_column-gap-35 vc_row-o-equal-height vc_row-o-content-middle vc_row-flex\"><div class=\"wpb_column vc_column_container vc_col-sm-6 liquid-column-69d4f42e62a87\"><div class=\"vc_column-inner\"><div class=\"wpb_wrapper\"  ><div class=\"wpb_wrapper-inner\">\n\t<div class=\"wpb_text_column wpb_content_element\" >\n\t\t<div class=\"wpb_wrapper\">\n\t\t\t<h2>EVENTS TO LOOK OUT FOR THROUGHOUT THE YEAR<\/h2>\n\n\t\t<\/div>\n\t<\/div>\n<style>.ld_spacer_69d4f42e62b50{height:100px;}<\/style>\n<div class=\"ld-empty-space ld_spacer_69d4f42e62b50\"><span class=\"liquid_empty_space_inner\"><\/span><\/div>\n\t<div class=\"wpb_text_column wpb_content_element\" >\n\t\t<div class=\"wpb_wrapper\">\n\t\t\t<p>The communities of the Joyce Country and Western Lakes Geopark region organise a range of festivals and events throughout the year.<\/p>\n\n\t\t<\/div>\n\t<\/div>\n<\/div><\/div><\/div><\/div><div class=\"wpb_column vc_column_container vc_col-sm-6 liquid-column-69d4f42e62d40\"><div class=\"vc_column-inner\"><div class=\"wpb_wrapper\"  ><div class=\"wpb_wrapper-inner\">\n\t<div  class=\"wpb_single_image wpb_content_element vc_align_center  liquid_vc_single_image-69d4f42e71b09\">\n\t\t\n\t\t<figure class=\"wpb_wrapper vc_figure\">\n\t\t\t<div class=\"vc_single_image-wrapper   vc_box_border_grey\"><img loading=\"lazy\" decoding=\"async\" width=\"780\" height=\"519\" src=\"data:image\/svg+xml;charset=utf-8,&lt;svg xmlns%3D&#039;http%3A%2F%2Fwww.w3.org%2F2000%2Fsvg&#039; viewBox%3D&#039;0 0 1024 682&#039;%2F&gt;\" class=\"vc_single_image-img attachment-large ld-lazyload\" alt=\"\" title=\"priscilla-du-preez-nF8xhLMmg0c-unsplash-2\" srcset=\"\" sizes=\"auto, (max-width: 780px) 100vw, 780px\" data-src=\"https:\/\/joycecountrygeoparkproject.ie\/wp-content\/uploads\/2020\/09\/priscilla-du-preez-nF8xhLMmg0c-unsplash-2-1024x682.jpg\" data-srcset=\"https:\/\/joycecountrygeoparkproject.ie\/wp-content\/uploads\/2020\/09\/priscilla-du-preez-nF8xhLMmg0c-unsplash-2-1024x682.jpg 1024w, https:\/\/joycecountrygeoparkproject.ie\/wp-content\/uploads\/2020\/09\/priscilla-du-preez-nF8xhLMmg0c-unsplash-2-300x200.jpg 300w, https:\/\/joycecountrygeoparkproject.ie\/wp-content\/uploads\/2020\/09\/priscilla-du-preez-nF8xhLMmg0c-unsplash-2-391x260.jpg 391w, https:\/\/joycecountrygeoparkproject.ie\/wp-content\/uploads\/2020\/09\/priscilla-du-preez-nF8xhLMmg0c-unsplash-2-16x12.jpg 16w, https:\/\/joycecountrygeoparkproject.ie\/wp-content\/uploads\/2020\/09\/priscilla-du-preez-nF8xhLMmg0c-unsplash-2.jpg 2000w\" data-aspect=\"1.5014662756598\" \/><\/div>\n\t\t<\/figure>\n\t<\/div>\n<\/div><\/div><\/div><\/div><\/div><\/div><\/div><\/div><\/div><\/div><\/div><\/section><section class=\"vc_row wpb_row vc_row-fluid liquid-row-shadowbox-69d4f42e71c4b\"><div class=\"ld-container container\"><div class=\"row ld-row\"><div class=\"wpb_column vc_column_container vc_col-sm-12 liquid-column-69d4f42e71ec3\"><div class=\"vc_column-inner\"><div class=\"wpb_wrapper\"   ><div class=\"wpb_wrapper-inner\"><style>.ld_spacer_69d4f42e71f6b{height:100px;}<\/style>\n<div class=\"ld-empty-space ld_spacer_69d4f42e71f6b\"><span class=\"liquid_empty_space_inner\"><\/span><\/div>\n\t<div class=\"wpb_text_column wpb_content_element\" >\n\t\t<div class=\"wpb_wrapper\">\n\t\t\t<h3 style=\"text-align: center;\"><strong>Eanair\/January<\/strong><\/h3>\n<p>&nbsp;<\/p>\n<h3 style=\"text-align: center;\"><strong>Feabhra\/February<\/strong><\/h3>\n<ul>\n<li>L\u00e1 Feile Bhr\u00edd (St Brigid\u2019s Day) marks the traditional start of spring. Celebration in various towns and villages<\/li>\n<\/ul>\n<h3 style=\"text-align: center;\"><strong>M\u00e1rta\/March<\/strong><\/h3>\n<ul>\n<li><a href=\"https:\/\/snag.ie\/\" target=\"_blank\" rel=\"noopener noreferrer\">Seachtain na Gaeilge<\/a>, National traditional culture festival, takes place on first two weeks of March, events vary from year to year.<\/li>\n<li><a href=\"https:\/\/cpht.ie\/walking-festival\/\" target=\"_blank\" rel=\"noopener noreferrer\">Croagh Patrick Heritage Trail Walking festival<\/a>, walking festival, <a href=\"https:\/\/joycecountrygeoparkproject.ie\/fr\/attractions\/attractions-ballintubber\/\" target=\"_blank\" rel=\"noopener noreferrer\">Ballintubber<\/a>, Mayo<\/li>\n<li>L\u00e1 Feile Ph\u00e1draig (St Patrick\u2019s Day) parade and celebration in various towns and villages<\/li>\n<\/ul>\n<h3 style=\"text-align: center;\"><strong>Aibre\u00e1n\/April<\/strong><\/h3>\n<ul>\n<li><a href=\"https:\/\/www.worldcuptroutfly.com\/\" target=\"_blank\" rel=\"noopener noreferrer\">World Cup Trout fly fishing championship<\/a>, angling competition on Lough Mask, <a href=\"https:\/\/joycecountrygeoparkproject.ie\/fr\/attractions\/attractions-ballinrobe\/\" target=\"_blank\" rel=\"noopener noreferrer\">Ballinrobe<\/a>, Mayo<\/li>\n<li><a href=\"https:\/\/www.connemarathon.com\/\" target=\"_blank\" rel=\"noopener noreferrer\">Connemarathon<\/a> (Half, Full and Ultra marathon), start points <a href=\"https:\/\/joycecountrygeoparkproject.ie\/fr\/attractions\/maam-cross\/\" target=\"_blank\" rel=\"noopener noreferrer\">Maam Cross<\/a>, <a href=\"https:\/\/joycecountrygeoparkproject.ie\/fr\/attractions\/lough-inagh-recess\/\" target=\"_blank\" rel=\"noopener noreferrer\">Lough Inagh<\/a> &amp; <a href=\"https:\/\/joycecountrygeoparkproject.ie\/fr\/attractions\/leenane\/\" target=\"_blank\" rel=\"noopener noreferrer\">Leenane<\/a>, Galway<\/li>\n<li>Easter Egg Hunt, Easter Saturday, <a href=\"https:\/\/joycecountrygeoparkproject.ie\/fr\/attractions\/tourmakeady-tuar-mhic-eadaigh\/\" target=\"_blank\" rel=\"noopener noreferrer\">Tourmakeady<\/a>, Mayo<\/li>\n<\/ul>\n<h3 style=\"text-align: center;\"><strong>Bealtaine\/May<\/strong><\/h3>\n<ul>\n<li><a href=\"http:\/\/www.discoveroughterard.com\/international-mayfly-festival.html\" target=\"_blank\" rel=\"noopener noreferrer\">International Mayfly festival<\/a>, angling festival on Lough Corrib, <a href=\"https:\/\/joycecountrygeoparkproject.ie\/fr\/attractions\/oughterard\/\" target=\"_blank\" rel=\"noopener noreferrer\">Oughterard<\/a>, Galway<\/li>\n<li><a href=\"https:\/\/www.connemaramountainwalkingfestival.com\/\" target=\"_blank\" rel=\"noopener noreferrer\">Connemara Walking festival<\/a>, <a href=\"https:\/\/joycecountrygeoparkproject.ie\/fr\/attractions\/leenane\/\" target=\"_blank\" rel=\"noopener noreferrer\">Leenane<\/a>, Galway<\/li>\n<\/ul>\n<h3 style=\"text-align: center;\"><strong>Meitheamh\/June<\/strong><\/h3>\n<ul>\n<li>Oughterard trails festival, walking festival, <a href=\"https:\/\/joycecountrygeoparkproject.ie\/fr\/attractions\/oughterard\/\" target=\"_blank\" rel=\"noopener noreferrer\">Oughterard<\/a>, Galway<\/li>\n<li><a href=\"https:\/\/www.leenanevillage.com\/sheep.html\" target=\"_blank\" rel=\"noopener noreferrer\">Leenane Blackface Sheep show<\/a>, <a href=\"https:\/\/joycecountrygeoparkproject.ie\/fr\/attractions\/leenane\/\" target=\"_blank\" rel=\"noopener noreferrer\">Leenane<\/a>, Galway<\/li>\n<li><a href=\"https:\/\/ballinroberacecourse.ie\/monday-21st-june-2021\/\" target=\"_blank\" rel=\"noopener noreferrer\">Ballinrobe races Ladies Day<\/a>, <a href=\"https:\/\/joycecountrygeoparkproject.ie\/fr\/attractions\/attractions-ballinrobe\/\" target=\"_blank\" rel=\"noopener noreferrer\">Ballinrobe<\/a>, Mayo<\/li>\n<li><a href=\"https:\/\/www.facebook.com\/Headfest-446708295678204\/\" target=\"_blank\" rel=\"noopener noreferrer\">Headfest<\/a>, music festival, <a href=\"https:\/\/joycecountrygeoparkproject.ie\/fr\/attractions\/towns-headford\/\" target=\"_blank\" rel=\"noopener noreferrer\">Headford<\/a>, Galway<\/li>\n<li><a href=\"https:\/\/afloat.ie\/sail\/events\/cong-galway-sailing-race\" target=\"_blank\" rel=\"noopener noreferrer\">Cong to Galway Sailing Race<\/a>, <a href=\"https:\/\/joycecountrygeoparkproject.ie\/fr\/attractions\/cong-town\/\" target=\"_blank\" rel=\"noopener noreferrer\">Cong<\/a>, Mayo<\/li>\n<li><a href=\"https:\/\/www.facebook.com\/Cornamona50mileCycle\" target=\"_blank\" rel=\"noopener noreferrer\">Cornamona 50 mile sponsored cycle<\/a>, <a href=\"https:\/\/joycecountrygeoparkproject.ie\/fr\/attractions\/towns-corr-na-mona\/\" target=\"_blank\" rel=\"noopener noreferrer\">Corr na M\u00f3na<\/a>, Galway<\/li>\n<\/ul>\n<h3 style=\"text-align: center;\"><strong>I\u00fail\/July<\/strong><\/h3>\n<ul>\n<li><a href=\"https:\/\/www.facebook.com\/Oughterard-Regatta-1582941885303239\/\" target=\"_blank\" rel=\"noopener noreferrer\">Oughterard Regatta Ladies\u2019 day<\/a>, <a href=\"https:\/\/joycecountrygeoparkproject.ie\/fr\/attractions\/oughterard\/\" target=\"_blank\" rel=\"noopener noreferrer\">Oughterard<\/a>, Galway<\/li>\n<li><a href=\"https:\/\/www.facebook.com\/queenofthelakes\/\" target=\"_blank\" rel=\"noopener noreferrer\">Queen of the lakes festival<\/a>, <a href=\"https:\/\/joycecountrygeoparkproject.ie\/fr\/attractions\/attractions-ballinrobe\/\" target=\"_blank\" rel=\"noopener noreferrer\">Ballinrobe<\/a>, Mayo<\/li>\n<li><a href=\"http:\/\/www.lakedistricthwc.com\/JoyceDetails.aspx\" target=\"_blank\" rel=\"noopener\">Joyce Country Challenge<\/a> (hillwalking), Finny, Mayo and Galway<\/li>\n<li><a href=\"https:\/\/www.facebook.com\/maamcross.connemaraponyshow\" target=\"_blank\" rel=\"noopener noreferrer\">Maam Cross Pony &amp; Livestock Show<\/a>, <a href=\"https:\/\/joycecountrygeoparkproject.ie\/fr\/attractions\/maam-cross\/\" target=\"_blank\" rel=\"noopener noreferrer\">Maam Cross<\/a>, Co Galway<\/li>\n<li>Domhnach na Cruaiche (Reek Sunday), pilgrimage to the top of Croagh Patrick, Ballintubber to Westport, Mayo<\/li>\n<\/ul>\n<h3 style=\"text-align: center;\"><strong>L\u00fanasa\/August<\/strong><\/h3>\n<ul>\n<li><a href=\"http:\/\/ballinrobeagriculturalshow.com\/\" target=\"_blank\" rel=\"noopener noreferrer\">Ballinrobe Agricultural Show<\/a>, <a href=\"https:\/\/joycecountrygeoparkproject.ie\/fr\/attractions\/attractions-ballinrobe\/\" target=\"_blank\" rel=\"noopener noreferrer\">Ballinrobe<\/a>, Mayo<\/li>\n<li>M\u00e1m \u00c9an pilgrimage, <a href=\"https:\/\/joycecountrygeoparkproject.ie\/fr\/attractions\/maam\/\" target=\"_blank\" rel=\"noopener noreferrer\">Maam<\/a> or <a href=\"https:\/\/joycecountrygeoparkproject.ie\/fr\/attractions\/lough-inagh-recess\/\" target=\"_blank\" rel=\"noopener noreferrer\">Recess<\/a>, Galway<\/li>\n<li><a href=\"http:\/\/www.oughterardshow.com\/\" target=\"_blank\" rel=\"noopener noreferrer\">Oughterard Agricultural and Horticultural show<\/a>, <a href=\"https:\/\/joycecountrygeoparkproject.ie\/fr\/attractions\/oughterard\/\" target=\"_blank\" rel=\"noopener noreferrer\">Oughterard<\/a>, Galway<\/li>\n<li><a href=\"https:\/\/www.ceolnalocha.com\/\" target=\"_blank\" rel=\"noopener noreferrer\">Ceol na Locha<\/a>, traditional music classes and festival, <a href=\"https:\/\/joycecountrygeoparkproject.ie\/fr\/attractions\/tourmakeady-tuar-mhic-eadaigh\/\" target=\"_blank\" rel=\"noopener noreferrer\">Tuar Mhic \u00c9adaigh<\/a>, Maigh Eo<\/li>\n<li><a href=\"http:\/\/heritageweek.ie\/\" target=\"_blank\" rel=\"noopener noreferrer\">National Heritage Week<\/a>, Events in various places in the country, vary from year to year<\/li>\n<li><a href=\"https:\/\/www.facebook.com\/TourmakeadyAgriculturalShow\" target=\"_blank\" rel=\"noopener noreferrer\">Tourmakeady Agricultural Show<\/a>, <a href=\"https:\/\/joycecountrygeoparkproject.ie\/fr\/attractions\/tourmakeady-tuar-mhic-eadaigh\/\" target=\"_blank\" rel=\"noopener noreferrer\">Tourmakeady<\/a>, Co Mayo<\/li>\n<li>F\u00e9ile na Sl\u00e9ibhte, <a href=\"https:\/\/joycecountrygeoparkproject.ie\/fr\/attractions\/clonbur\/\" target=\"_blank\" rel=\"noopener noreferrer\">Clonbur<\/a>, Galway<\/li>\n<\/ul>\n<h3 style=\"text-align: center;\"><strong>Me\u00e1n F\u00f3mhair\/September<\/strong><\/h3>\n<ul>\n<li><a href=\"http:\/\/congfoodvillage.com\/\" target=\"_blank\" rel=\"noopener noreferrer\">Cong Food Festival<\/a>, Food market and festival, <a href=\"https:\/\/joycecountrygeoparkproject.ie\/fr\/attractions\/cong-town\/\" target=\"_blank\" rel=\"noopener noreferrer\">Cong<\/a>, Mayo<\/li>\n<li><a href=\"https:\/\/culturenight.ie\/\" target=\"_blank\" rel=\"noopener noreferrer\">Culture Night<\/a>, National event on a Friday evening, varies from year to year<\/li>\n<\/ul>\n<h3 style=\"text-align: center;\"><strong>Deireadh F\u00f3mhair\/October<\/strong><\/h3>\n<ul>\n<li><a href=\"https:\/\/www.leenanevillage.com\/ram.html\" target=\"_blank\" rel=\"noopener noreferrer\">Leenane Blackface Ram fair<\/a>, <a href=\"https:\/\/joycecountrygeoparkproject.ie\/fr\/attractions\/leenane\/\" target=\"_blank\" rel=\"noopener noreferrer\">Leenane<\/a>, Galway<\/li>\n<li><a href=\"https:\/\/www.peacockes.ie\/things-to-do\/maam-cross-fair\/\" target=\"_blank\" rel=\"noopener noreferrer\">Maam Cross fair<\/a>, Connemara Ponies fair, <a href=\"https:\/\/joycecountrygeoparkproject.ie\/fr\/attractions\/maam-cross\/\" target=\"_blank\" rel=\"noopener noreferrer\">Maam Cross<\/a>, Galway<\/li>\n<\/ul>\n<h3 style=\"text-align: center;\"><strong>Samhain\/November<\/strong><\/h3>\n<ul>\n<li><a href=\"https:\/\/congregation.ie\/\" target=\"_blank\" rel=\"noopener noreferrer\">Congregation<\/a>, festival for idea sharing and connecting, <a href=\"https:\/\/joycecountrygeoparkproject.ie\/fr\/attractions\/cong-town\/\" target=\"_blank\" rel=\"noopener noreferrer\">Cong<\/a>, Mayo<\/li>\n<li>Samhain (Halloween) celebration in various towns and villages<\/li>\n<\/ul>\n<h3 style=\"text-align: center;\"><strong>Nollaig\/December<\/strong><\/h3>\n<ul>\n<li>Nollaig (Christmas) fair and markets in various towns and villages<\/li>\n<\/ul>\n\n\t\t<\/div>\n\t<\/div>\n<style>.ld_spacer_69d4f42e720b3{height:100px;}<\/style>\n<div class=\"ld-empty-space ld_spacer_69d4f42e720b3\"><span class=\"liquid_empty_space_inner\"><\/span><\/div>\n\t<div class=\"wpb_text_column wpb_content_element\" >\n\t\t<div class=\"wpb_wrapper\">\n\t\t\t<h3><strong>Regular events:<\/strong><\/h3>\n<p><a href=\"http:\/\/thecottagemarket.ie\/cottage-markets\/headford\/\" target=\"_blank\" rel=\"noopener noreferrer\">Cottage market<\/a>, every second Saturday of the month, 10:30 to 14:00, <a href=\"https:\/\/joycecountrygeoparkproject.ie\/fr\/attractions\/towns-headford\/\" target=\"_blank\" rel=\"noopener noreferrer\">Headford<\/a>, Galway<\/p>\n<p><a href=\"https:\/\/www.facebook.com\/Ballinrobe-Country-Market-202405173152097\/\" target=\"_blank\" rel=\"noopener noreferrer\">Ballinrobe country market<\/a>, every third Saturday of the month, 11:00 to 16:30, <a href=\"https:\/\/joycecountrygeoparkproject.ie\/fr\/attractions\/attractions-ballinrobe\/\" target=\"_blank\" rel=\"noopener noreferrer\">Ballinrobe<\/a>, Mayo<\/p>\n<p><a href=\"https:\/\/ballinroberacecourse.ie\/\" target=\"_blank\" rel=\"noopener noreferrer\">Ballinrobe races<\/a> season with multiple fixtures from mid-April to September, Horse racing, <a href=\"https:\/\/joycecountrygeoparkproject.ie\/fr\/attractions\/attractions-ballinrobe\/\" target=\"_blank\" rel=\"noopener noreferrer\">Ballinrobe<\/a>, Mayo<\/p>\n<p><a href=\"http:\/\/gaelforceevents.com\/\" target=\"_blank\" rel=\"noopener noreferrer\">Gaelforce<\/a>, extreme sports events (mountain running, Triathlon, fjord swim, mud run) in the region of <a href=\"https:\/\/joycecountrygeoparkproject.ie\/fr\/attractions\/geosite-killary-fjord\/\" target=\"_blank\" rel=\"noopener noreferrer\">Killary Harbour<\/a> from July to November<\/p>\n\n\t\t<\/div>\n\t<\/div>\n<style>.ld_spacer_69d4f42e72154{height:100px;}<\/style>\n<div class=\"ld-empty-space ld_spacer_69d4f42e72154\"><span class=\"liquid_empty_space_inner\"><\/span><\/div><\/div><\/div><\/div><\/div><\/div><\/div><\/section><\/section>\n<\/div>","protected":false},"excerpt":{"rendered":"EVENTS TO LOOK OUT FOR THROUGHOUT THE YEAR The communities of the Joyce Country and...","protected":false},"author":3,"featured_media":4726,"parent":0,"menu_order":0,"comment_status":"closed","ping_status":"closed","template":"","meta":{"footnotes":""},"class_list":["post-5258","page","type-page","status-publish","has-post-thumbnail","hentry"],"yoast_head":"<!-- This site is optimized with the Yoast SEO plugin v24.0 - https:\/\/yoast.com\/wordpress\/plugins\/seo\/ -->\n<title>Festivals and Regular Events &#8212; Joyce Country &amp; Western Lakes Geopark Project<\/title>\n<meta name=\"robots\" content=\"index, follow, max-snippet:-1, max-image-preview:large, max-video-preview:-1\" \/>\n<link rel=\"canonical\" href=\"https:\/\/joycecountrygeoparkproject.ie\/fr\/festivals\/\" \/>\n<meta property=\"og:locale\" content=\"fr_FR\" \/>\n<meta property=\"og:type\" content=\"article\" \/>\n<meta property=\"og:title\" content=\"Festivals and Regular Events &#8212; Joyce Country &amp; Western Lakes Geopark Project\" \/>\n<meta property=\"og:url\" content=\"https:\/\/joycecountrygeoparkproject.ie\/fr\/festivals\/\" \/>\n<meta property=\"og:site_name\" content=\"Joyce Country &amp; Western Lakes Geopark Project\" \/>\n<meta property=\"article:publisher\" content=\"https:\/\/www.facebook.com\/JCWLGeopark\/\" \/>\n<meta property=\"article:modified_time\" content=\"2022-07-12T14:31:18+00:00\" \/>\n<meta property=\"og:image\" content=\"https:\/\/joycecountrygeoparkproject.ie\/wp-content\/uploads\/2020\/08\/Clonbur-Woods-entrance.jpg\" \/>\n\t<meta property=\"og:image:width\" content=\"1920\" \/>\n\t<meta property=\"og:image:height\" content=\"1278\" \/>\n\t<meta property=\"og:image:type\" content=\"image\/jpeg\" \/>\n<meta name=\"twitter:card\" content=\"summary_large_image\" \/>\n<meta name=\"twitter:site\" content=\"@JCWLGeopark\" \/>\n<meta name=\"twitter:label1\" content=\"Dur\u00e9e de lecture estim\u00e9e\" \/>\n\t<meta name=\"twitter:data1\" content=\"3 minutes\" \/>\n<script type=\"application\/ld+json\" class=\"yoast-schema-graph\">{\"@context\":\"https:\/\/schema.org\",\"@graph\":[{\"@type\":\"WebPage\",\"@id\":\"https:\/\/joycecountrygeoparkproject.ie\/festivals\/\",\"url\":\"https:\/\/joycecountrygeoparkproject.ie\/festivals\/\",\"name\":\"Festivals and Regular Events &#8212; Joyce Country &amp; Western Lakes Geopark Project\",\"isPartOf\":{\"@id\":\"https:\/\/joycecountrygeoparkproject.ie\/en\/#website\"},\"primaryImageOfPage\":{\"@id\":\"https:\/\/joycecountrygeoparkproject.ie\/festivals\/#primaryimage\"},\"image\":{\"@id\":\"https:\/\/joycecountrygeoparkproject.ie\/festivals\/#primaryimage\"},\"thumbnailUrl\":\"https:\/\/joycecountrygeoparkproject.ie\/wp-content\/uploads\/2020\/08\/Clonbur-Woods-entrance.jpg\",\"datePublished\":\"2020-10-07T11:11:51+00:00\",\"dateModified\":\"2022-07-12T14:31:18+00:00\",\"breadcrumb\":{\"@id\":\"https:\/\/joycecountrygeoparkproject.ie\/festivals\/#breadcrumb\"},\"inLanguage\":\"fr-FR\",\"potentialAction\":[{\"@type\":\"ReadAction\",\"target\":[\"https:\/\/joycecountrygeoparkproject.ie\/festivals\/\"]}]},{\"@type\":\"ImageObject\",\"inLanguage\":\"fr-FR\",\"@id\":\"https:\/\/joycecountrygeoparkproject.ie\/festivals\/#primaryimage\",\"url\":\"https:\/\/joycecountrygeoparkproject.ie\/wp-content\/uploads\/2020\/08\/Clonbur-Woods-entrance.jpg\",\"contentUrl\":\"https:\/\/joycecountrygeoparkproject.ie\/wp-content\/uploads\/2020\/08\/Clonbur-Woods-entrance.jpg\",\"width\":1920,\"height\":1278},{\"@type\":\"BreadcrumbList\",\"@id\":\"https:\/\/joycecountrygeoparkproject.ie\/festivals\/#breadcrumb\",\"itemListElement\":[{\"@type\":\"ListItem\",\"position\":1,\"name\":\"Home\",\"item\":\"https:\/\/joycecountrygeoparkproject.ie\/\"},{\"@type\":\"ListItem\",\"position\":2,\"name\":\"Festivals and Regular Events\"}]},{\"@type\":\"WebSite\",\"@id\":\"https:\/\/joycecountrygeoparkproject.ie\/en\/#website\",\"url\":\"https:\/\/joycecountrygeoparkproject.ie\/en\/\",\"name\":\"Joyce Country And Western Lakes Geopark\",\"description\":\"Working towards a Geopark in the West of Ireland\",\"publisher\":{\"@id\":\"https:\/\/joycecountrygeoparkproject.ie\/en\/#organization\"},\"potentialAction\":[{\"@type\":\"SearchAction\",\"target\":{\"@type\":\"EntryPoint\",\"urlTemplate\":\"https:\/\/joycecountrygeoparkproject.ie\/en\/?s={search_term_string}\"},\"query-input\":{\"@type\":\"PropertyValueSpecification\",\"valueRequired\":true,\"valueName\":\"search_term_string\"}}],\"inLanguage\":\"fr-FR\"},{\"@type\":\"Organization\",\"@id\":\"https:\/\/joycecountrygeoparkproject.ie\/en\/#organization\",\"name\":\"Joyce Country And Western Lakes Geopark\",\"url\":\"https:\/\/joycecountrygeoparkproject.ie\/en\/\",\"logo\":{\"@type\":\"ImageObject\",\"inLanguage\":\"fr-FR\",\"@id\":\"https:\/\/joycecountrygeoparkproject.ie\/en\/#\/schema\/logo\/image\/\",\"url\":\"https:\/\/joycecountrygeoparkproject.ie\/wp-content\/uploads\/2020\/07\/Landscape-logo_colour_resize.svg\",\"contentUrl\":\"https:\/\/joycecountrygeoparkproject.ie\/wp-content\/uploads\/2020\/07\/Landscape-logo_colour_resize.svg\",\"width\":1,\"height\":1,\"caption\":\"Joyce Country And Western Lakes Geopark\"},\"image\":{\"@id\":\"https:\/\/joycecountrygeoparkproject.ie\/en\/#\/schema\/logo\/image\/\"},\"sameAs\":[\"https:\/\/www.facebook.com\/JCWLGeopark\/\",\"https:\/\/x.com\/JCWLGeopark\",\"https:\/\/www.instagram.com\/JCWLGeopark\/\",\"https:\/\/www.youtube.com\/@JCWLGeopark\"]}]}<\/script>\n<!-- \/ Yoast SEO plugin. -->","yoast_head_json":{"title":"Festivals and Regular Events &#8212; Joyce Country &amp; Western Lakes Geopark Project","robots":{"index":"index","follow":"follow","max-snippet":"max-snippet:-1","max-image-preview":"max-image-preview:large","max-video-preview":"max-video-preview:-1"},"canonical":"https:\/\/joycecountrygeoparkproject.ie\/fr\/festivals\/","og_locale":"fr_FR","og_type":"article","og_title":"Festivals and Regular Events &#8212; Joyce Country &amp; Western Lakes Geopark Project","og_url":"https:\/\/joycecountrygeoparkproject.ie\/fr\/festivals\/","og_site_name":"Joyce Country &amp; Western Lakes Geopark Project","article_publisher":"https:\/\/www.facebook.com\/JCWLGeopark\/","article_modified_time":"2022-07-12T14:31:18+00:00","og_image":[{"width":1920,"height":1278,"url":"https:\/\/joycecountrygeoparkproject.ie\/wp-content\/uploads\/2020\/08\/Clonbur-Woods-entrance.jpg","type":"image\/jpeg"}],"twitter_card":"summary_large_image","twitter_site":"@JCWLGeopark","twitter_misc":{"Dur\u00e9e de lecture estim\u00e9e":"3 minutes"},"schema":{"@context":"https:\/\/schema.org","@graph":[{"@type":"WebPage","@id":"https:\/\/joycecountrygeoparkproject.ie\/festivals\/","url":"https:\/\/joycecountrygeoparkproject.ie\/festivals\/","name":"Festivals and Regular Events &#8212; Joyce Country &amp; Western Lakes Geopark Project","isPartOf":{"@id":"https:\/\/joycecountrygeoparkproject.ie\/en\/#website"},"primaryImageOfPage":{"@id":"https:\/\/joycecountrygeoparkproject.ie\/festivals\/#primaryimage"},"image":{"@id":"https:\/\/joycecountrygeoparkproject.ie\/festivals\/#primaryimage"},"thumbnailUrl":"https:\/\/joycecountrygeoparkproject.ie\/wp-content\/uploads\/2020\/08\/Clonbur-Woods-entrance.jpg","datePublished":"2020-10-07T11:11:51+00:00","dateModified":"2022-07-12T14:31:18+00:00","breadcrumb":{"@id":"https:\/\/joycecountrygeoparkproject.ie\/festivals\/#breadcrumb"},"inLanguage":"fr-FR","potentialAction":[{"@type":"ReadAction","target":["https:\/\/joycecountrygeoparkproject.ie\/festivals\/"]}]},{"@type":"ImageObject","inLanguage":"fr-FR","@id":"https:\/\/joycecountrygeoparkproject.ie\/festivals\/#primaryimage","url":"https:\/\/joycecountrygeoparkproject.ie\/wp-content\/uploads\/2020\/08\/Clonbur-Woods-entrance.jpg","contentUrl":"https:\/\/joycecountrygeoparkproject.ie\/wp-content\/uploads\/2020\/08\/Clonbur-Woods-entrance.jpg","width":1920,"height":1278},{"@type":"BreadcrumbList","@id":"https:\/\/joycecountrygeoparkproject.ie\/festivals\/#breadcrumb","itemListElement":[{"@type":"ListItem","position":1,"name":"Home","item":"https:\/\/joycecountrygeoparkproject.ie\/"},{"@type":"ListItem","position":2,"name":"Festivals and Regular Events"}]},{"@type":"WebSite","@id":"https:\/\/joycecountrygeoparkproject.ie\/en\/#website","url":"https:\/\/joycecountrygeoparkproject.ie\/en\/","name":"Joyce Country And Western Lakes Geopark","description":"Working towards a Geopark in the West of Ireland","publisher":{"@id":"https:\/\/joycecountrygeoparkproject.ie\/en\/#organization"},"potentialAction":[{"@type":"SearchAction","target":{"@type":"EntryPoint","urlTemplate":"https:\/\/joycecountrygeoparkproject.ie\/en\/?s={search_term_string}"},"query-input":{"@type":"PropertyValueSpecification","valueRequired":true,"valueName":"search_term_string"}}],"inLanguage":"fr-FR"},{"@type":"Organization","@id":"https:\/\/joycecountrygeoparkproject.ie\/en\/#organization","name":"Joyce Country And Western Lakes Geopark","url":"https:\/\/joycecountrygeoparkproject.ie\/en\/","logo":{"@type":"ImageObject","inLanguage":"fr-FR","@id":"https:\/\/joycecountrygeoparkproject.ie\/en\/#\/schema\/logo\/image\/","url":"https:\/\/joycecountrygeoparkproject.ie\/wp-content\/uploads\/2020\/07\/Landscape-logo_colour_resize.svg","contentUrl":"https:\/\/joycecountrygeoparkproject.ie\/wp-content\/uploads\/2020\/07\/Landscape-logo_colour_resize.svg","width":1,"height":1,"caption":"Joyce Country And Western Lakes Geopark"},"image":{"@id":"https:\/\/joycecountrygeoparkproject.ie\/en\/#\/schema\/logo\/image\/"},"sameAs":["https:\/\/www.facebook.com\/JCWLGeopark\/","https:\/\/x.com\/JCWLGeopark","https:\/\/www.instagram.com\/JCWLGeopark\/","https:\/\/www.youtube.com\/@JCWLGeopark"]}]}},"_links":{"self":[{"href":"https:\/\/joycecountrygeoparkproject.ie\/fr\/wp-json\/wp\/v2\/pages\/5258","targetHints":{"allow":["GET"]}}],"collection":[{"href":"https:\/\/joycecountrygeoparkproject.ie\/fr\/wp-json\/wp\/v2\/pages"}],"about":[{"href":"https:\/\/joycecountrygeoparkproject.ie\/fr\/wp-json\/wp\/v2\/types\/page"}],"author":[{"embeddable":true,"href":"https:\/\/joycecountrygeoparkproject.ie\/fr\/wp-json\/wp\/v2\/users\/3"}],"replies":[{"embeddable":true,"href":"https:\/\/joycecountrygeoparkproject.ie\/fr\/wp-json\/wp\/v2\/comments?post=5258"}],"version-history":[{"count":10,"href":"https:\/\/joycecountrygeoparkproject.ie\/fr\/wp-json\/wp\/v2\/pages\/5258\/revisions"}],"predecessor-version":[{"id":6682,"href":"https:\/\/joycecountrygeoparkproject.ie\/fr\/wp-json\/wp\/v2\/pages\/5258\/revisions\/6682"}],"wp:featuredmedia":[{"embeddable":true,"href":"https:\/\/joycecountrygeoparkproject.ie\/fr\/wp-json\/wp\/v2\/media\/4726"}],"wp:attachment":[{"href":"https:\/\/joycecountrygeoparkproject.ie\/fr\/wp-json\/wp\/v2\/media?parent=5258"}],"curies":[{"name":"wp","href":"https:\/\/api.w.org\/{rel}","templated":true}]}}