{"id":4529,"date":"2020-08-13T14:48:05","date_gmt":"2020-08-13T14:48:05","guid":{"rendered":"https:\/\/joycecountrygeoparkproject.ie\/?page_id=4529"},"modified":"2022-10-12T13:38:16","modified_gmt":"2022-10-12T13:38:16","slug":"contact-us","status":"publish","type":"page","link":"https:\/\/joycecountrygeoparkproject.ie\/ga\/contact-us\/","title":{"rendered":"D\u00c9AN TEAGMH\u00c1IL LINN"},"content":{"rendered":"<div class=\"wpb-content-wrapper\"><section class=\"vc_section vc_custom_1599839544378\"><section class=\"vc_row wpb_row vc_row-fluid liquid-row-shadowbox-69d2a853e93e2\"><div class=\"ld-container container\"><div class=\"row ld-row\"><div class=\"wpb_column vc_column_container vc_col-sm-9 liquid-column-69d2a853e96bd\"><div class=\"vc_column-inner\"><div class=\"wpb_wrapper\"   ><div class=\"wpb_wrapper-inner\"><style>.ld_section_title_69d2a853e975f h2{font-size:38px;margin-bottom:0px !important;;}<\/style><header class=\"fancy-title ld_section_title_69d2a853e975f\">\n\t<h2>T\u00c1IMID ANSEO CHUN CABHR\u00da LEAT<\/h2>\t<h6 class=\"\">T\u00e1 foireann Thionscadal Gheoph\u00e1irc DSLI s\u00e1sta aon cheist at\u00e1 agat a fhreagairt<\/h6>\t<\/header><div class=\"vc_row wpb_row vc_inner vc_row-fluid liquid-row-shadowbox-69d2a853e9932\"><div class=\"wpb_column vc_column_container vc_col-sm-6 liquid-column-69d2a853e9afb\"><div class=\"vc_column-inner\"><div class=\"wpb_wrapper\"  ><div class=\"wpb_wrapper-inner\">\n\t<div class=\"wpb_text_column wpb_content_element\" >\n\t\t<div class=\"wpb_wrapper\">\n\t\t\t<h6>Seoladh<\/h6>\n<p style=\"text-align: left;\">Joyce Country &amp; Western Lakes Geopark Project<br \/>\nTuar Mhic \u00c9adaigh<br \/>\nContae Mhaigh Eo<br \/>\nF12 D990<br \/>\n\u00c9IRE<\/p>\n<h6><strong>De rogha air sin, l\u00edon isteach an fhoirm th\u00edos agus d\u00e9anfaidh ball d\u00e1r bhfoireann teagmh\u00e1il leat go luath.<\/strong><\/h6>\n\n\t\t<\/div>\n\t<\/div>\n<\/div><\/div><\/div><\/div><div class=\"wpb_column vc_column_container vc_col-sm-6 liquid-column-69d2a853e9d4f\"><div class=\"vc_column-inner\"><div class=\"wpb_wrapper\"  ><div class=\"wpb_wrapper-inner\">\n\t<div class=\"wpb_text_column wpb_content_element\" >\n\t\t<div class=\"wpb_wrapper\">\n\t\t\t<h6><strong>R\u00edomhphoist:<\/strong><\/h6>\n<p><a href=\"mailto:manager@jcwlgeopark.ie\"><span style=\"font-weight: 400;\">manager@jcwlgeopark.ie<\/span><\/a><span style=\"font-weight: 400;\"><br \/>\n<\/span><a href=\"mailto:geologist@jcwlgeopark.ie\"><span style=\"font-weight: 400;\">geologist@jcwlgeopark.ie<\/span><\/a><span style=\"font-weight: 400;\"><br \/>\n<\/span><a href=\"mailto:tourism@jcwlgeopark.ie\"><span style=\"font-weight: 400;\">tourism@jcwlgeopark.ie<\/span><\/a><span style=\"font-weight: 400;\"><br \/>\n<\/span><\/p>\n<p>&nbsp;<\/p>\n<h6><strong>F\u00f3n:<\/strong><\/h6>\n<p><span style=\"font-weight: 400;\"><strong>+353 (0) 94 9000 245<\/strong><\/span><span style=\"font-weight: 400;\"><br \/>\n<\/span><\/p>\n\n\t\t<\/div>\n\t<\/div>\n<\/div><\/div><\/div><\/div><\/div><\/div><\/div><\/div><\/div><div class=\"wpb_column vc_column_container vc_col-sm-3 liquid-column-69d2a853e9ffa\"><div class=\"vc_column-inner\"><div class=\"wpb_wrapper\"   ><div class=\"wpb_wrapper-inner\"><style>.ld_icon_box_69d2a853ea0cb .iconbox-icon-container{color:#0098a0;border-radius:px;}.ld_icon_box_69d2a853ea0cb:hover .iconbox-icon-container{color:rgb(0, 0, 0);}.ld_icon_box_69d2a853ea0cb h3{margin-bottom:px;}<\/style>\n<div class=\"iconbox text-right iconbox-xl ld_icon_box_69d2a853ea0cb vc_custom_1599839963485\" id=\"ld_icon_box_69d2a853ea0cb\"  data-animate-icon=\"true\" data-plugin-options='{\"resetOnHover\":true,\"color\":\"#0098a0\",\"hoverColor\":\"rgb(0, 0, 0)\"}'  >\n\t\n\t\t<div class=\"iconbox-icon-wrap\"><span class=\"iconbox-icon-container\"><?xml version=\"1.0\" encoding=\"utf-8\"?>\r\n<!-- Generator: Adobe Illustrator 16.0.0, SVG Export Plug-In . SVG Version: 6.00 Build 0)  -->\r\n<!DOCTYPE svg PUBLIC \"-\/\/W3C\/\/DTD SVG 1.1\/\/EN\" \"http:\/\/www.w3.org\/Graphics\/SVG\/1.1\/DTD\/svg11.dtd\">\r\n<svg version=\"1.1\" id=\"Layer_1\" xmlns=\"http:\/\/www.w3.org\/2000\/svg\" xmlns:xlink=\"http:\/\/www.w3.org\/1999\/xlink\" x=\"0px\" y=\"0px\"\r\n\t width=\"64px\" height=\"64px\" viewbox=\"0 0 64 64\" enable-background=\"new 0 0 64 64\" xml:space=\"preserve\">\r\n<polygon fill=\"none\" stroke=\"#000000\" stroke-width=\"2\" stroke-linejoin=\"bevel\" stroke-miterlimit=\"10\" points=\"1,30 63,1 23,41 \t\"\/>\r\n<polygon fill=\"none\" stroke=\"#000000\" stroke-width=\"2\" stroke-linejoin=\"bevel\" stroke-miterlimit=\"10\" points=\"34,63 63,1 23,41 \t\"\/>\r\n<\/svg>\r\n<\/span><\/div><!-- \/.iconbox-icon-wrap -->\t\n\t\t\n\t\t\n\t\t\t\t\n\t\t\n\t\n<\/div>\n<\/div><\/div><\/div><\/div><\/div><\/div><\/section><section class=\"vc_row wpb_row vc_row-fluid liquid-row-shadowbox-69d2a85400483\"><div class=\"ld-container container\"><div class=\"row ld-row\"><div class=\"wpb_column vc_column_container vc_col-sm-12 liquid-column-69d2a854006b0\"><div class=\"vc_column-inner\"><div class=\"wpb_wrapper\"   ><div class=\"wpb_wrapper-inner\"><style>.ld_spacer_69d2a854006fb{height:52px;}<\/style>\n<div class=\"ld-empty-space ld_spacer_69d2a854006fb\"><span class=\"liquid_empty_space_inner\"><\/span><\/div><\/div><\/div><\/div><\/div><\/div><\/div><\/section><section class=\"vc_row wpb_row vc_row-fluid liquid-row-shadowbox-69d2a854008ad\"><div class=\"ld-container container\"><div class=\"row ld-row\"><div class=\"wpb_column vc_column_container vc_col-sm-6 liquid-column-69d2a85400adb vc_col-has-fill\"><div class=\"vc_column-inner\"><div class=\"wpb_wrapper vc_custom_1599839679553\"   ><div class=\"wpb_wrapper-inner\"><style>.ld_cf7_69d2a85400b65 input[type=\"submit\"], .ld_cf7_69d2a85400b65 button[type=\"submit\"]{font-size:13px;font-weight:700;letter-spacing:0.1em;background:rgb(0, 101, 106);color:rgb(255, 255, 255);border-color:rgba(255, 255, 255, 0);}.ld_cf7_69d2a85400b65 input, .ld_cf7_69d2a85400b65 select, .ld_cf7_69d2a85400b65 textarea, .ld_cf7_69d2a85400b65 .ui-selectmenu-button{color:rgb(167, 169, 184);}.ld_cf7_69d2a85400b65 input:focus, .ld_cf7_69d2a85400b65 select:focus, .ld_cf7_69d2a85400b65 textarea:focus, .ld_cf7_69d2a85400b65 .ui-selectmenu-button:hover{color:rgb(24, 27, 49);}.ld_cf7_69d2a85400b65 input[type=\"submit\"]:focus,.ld_cf7_69d2a85400b65 input[type=\"submit\"]:hover, .ld_cf7_69d2a85400b65 button[type=\"submit\"]:focus, .ld_cf7_69d2a85400b65 button[type=\"submit\"]:hover{background:-webkit-linear-gradient(90deg, #34dbc5 0.6369426751592356%, rgb(52, 219, 197) 100%);background:linear-gradient(90deg, #34dbc5 0.6369426751592356%, rgb(52, 219, 197) 100%);}.ld_cf7_69d2a85400b65 input[type=\"submit\"]:hover, .ld_cf7_69d2a85400b65 button[type=\"submit\"]:hover{color:rgb(255, 255, 255);}<\/style><div id=\"ld_cf7_69d2a85400b65\" class=\"lqd-contact-form lqd-contact-form-inputs-lg lqd-contact-form-inputs-underlined ld_cf7_69d2a85400b65\">\n\t\n<div class=\"wpcf7 no-js\" id=\"wpcf7-f6-o1\" lang=\"en-GB\" dir=\"ltr\" data-wpcf7-id=\"6\">\n<div class=\"screen-reader-response\"><p role=\"status\" aria-live=\"polite\" aria-atomic=\"true\"><\/p> <ul><\/ul><\/div>\n<form action=\"\/wp-json\/wp\/v2\/pages\/4529\" method=\"post\" class=\"wpcf7-form init\" aria-label=\"Contact form\" novalidate=\"novalidate\" data-status=\"init\" data-trp-original-action=\"\/ga\/wp-json\/wp\/v2\/pages\/4529#wpcf7-f6-o1\">\n<div style=\"display: none;\">\n<input type=\"hidden\" name=\"_wpcf7\" value=\"6\" \/>\n<input type=\"hidden\" name=\"_wpcf7_version\" value=\"6.0.1\" \/>\n<input type=\"hidden\" name=\"_wpcf7_locale\" value=\"en_GB\" \/>\n<input type=\"hidden\" name=\"_wpcf7_unit_tag\" value=\"wpcf7-f6-o1\" \/>\n<input type=\"hidden\" name=\"_wpcf7_container_post\" value=\"0\" \/>\n<input type=\"hidden\" name=\"_wpcf7_posted_data_hash\" value=\"\" \/>\n<input type=\"hidden\" name=\"_wpcf7_recaptcha_response\" value=\"\" \/>\n<\/div>\n<p><label> D\u2019Ainm (riachtanach)<br \/>\n<span class=\"wpcf7-form-control-wrap\" data-name=\"your-name\"><input size=\"40\" maxlength=\"400\" class=\"wpcf7-form-control wpcf7-text wpcf7-validates-as-required\" aria-required=\"true\" aria-invalid=\"false\" value=\"\" type=\"text\" name=\"your-name\" \/><\/span> <\/label>\n<\/p>\n<p><label> Do Sheoladh R\u00edomhphoist (riachtanach)<br \/>\n<span class=\"wpcf7-form-control-wrap\" data-name=\"your-email\"><input size=\"40\" maxlength=\"400\" class=\"wpcf7-form-control wpcf7-email wpcf7-validates-as-required wpcf7-text wpcf7-validates-as-email\" aria-required=\"true\" aria-invalid=\"false\" value=\"\" type=\"email\" name=\"your-email\" \/><\/span> <\/label>\n<\/p>\n<p><label> \u00c1bhar<br \/>\n<span class=\"wpcf7-form-control-wrap\" data-name=\"your-subject\"><input size=\"40\" maxlength=\"400\" class=\"wpcf7-form-control wpcf7-text\" aria-invalid=\"false\" value=\"\" type=\"text\" name=\"your-subject\" \/><\/span> <\/label>\n<\/p>\n<p><label> Do Theachtaireacht<br \/>\n<span class=\"wpcf7-form-control-wrap\" data-name=\"your-message\"><textarea cols=\"40\" rows=\"10\" maxlength=\"2000\" class=\"wpcf7-form-control wpcf7-textarea\" aria-invalid=\"false\" name=\"your-message\"><\/textarea><\/span> <\/label>\n<\/p>\n<p><input class=\"wpcf7-form-control wpcf7-submit has-spinner\" type=\"submit\" value=\"Seol\" \/>\n<\/p><div class=\"wpcf7-response-output\" aria-hidden=\"true\"><\/div>\n<input type=\"hidden\" name=\"trp-form-language\" value=\"ga\"\/><\/form>\n<\/div>\n<\/div><\/div><\/div><\/div><\/div><div class=\"wpb_column vc_column_container vc_col-sm-6 liquid-column-69d2a85401194\"><div class=\"vc_column-inner\"><div class=\"wpb_wrapper\"   ><div class=\"wpb_wrapper-inner\"><div class=\"ld-gmap-container ld_google_map_69d2a85401207\" id=\"ld_google_map_69d2a85401207\" style=\"height: 900px\">\n\n\t<div class=\"ld-gmap\" data-plugin-map=\"true\" data-plugin-options='{\"style\":\"classic\",\"address\":\"Tourmakeady Community Hall and Tourist Office, Tourmakeady, Co Mayo, F12 D990\",\"marker\":null,\"markers\":null,\"map\":{\"zoom\":14,\"mapTypeId\":\"roadmap\",\"fullscreenControl\":true,\"streetViewControl\":true,\"zoomControl\":true}}'><\/div>\n\n<\/div><\/div><\/div><\/div><\/div><\/div><\/div><\/section><section class=\"vc_row wpb_row vc_row-fluid liquid-row-shadowbox-69d2a85401ccd\"><div class=\"ld-container container\"><div class=\"row ld-row\"><div class=\"wpb_column vc_column_container vc_col-sm-12 liquid-column-69d2a85401eac\"><div class=\"vc_column-inner\"><div class=\"wpb_wrapper\"   ><div class=\"wpb_wrapper-inner\"><style>.ld_spacer_69d2a85401ef9{height:52px;}<\/style>\n<div class=\"ld-empty-space ld_spacer_69d2a85401ef9\"><span class=\"liquid_empty_space_inner\"><\/span><\/div>\n\t<div class=\"wpb_text_column wpb_content_element\" >\n\t\t<div class=\"wpb_wrapper\">\n\t\t\t<h6>Ina theannta sin, is f\u00e9idir leat cl\u00e1r\u00fa len\u00e1r nuachtlitir <a href=\"https:\/\/joycecountrygeoparkproject.ie\/ga\/subscribe\/\" target=\"_blank\" rel=\"noopener\">anseo<\/a>.<\/h6>\n\n\t\t<\/div>\n\t<\/div>\n<\/div><\/div><\/div><\/div><\/div><\/div><\/section><\/section>\n<\/div>","protected":false},"excerpt":{"rendered":"WE ARE HERE TO HELP The JCWL Geopark Project team are happy to answer any...","protected":false},"author":1,"featured_media":0,"parent":0,"menu_order":0,"comment_status":"closed","ping_status":"closed","template":"","meta":{"footnotes":""},"class_list":["post-4529","page","type-page","status-publish","hentry"],"yoast_head":"<!-- This site is optimized with the Yoast SEO plugin v24.0 - https:\/\/yoast.com\/wordpress\/plugins\/seo\/ -->\n<title>Contact Us &#8212; Joyce Country &amp; Western Lakes Geopark Project<\/title>\n<meta name=\"description\" content=\"Get in touch with Joyce Country &amp; Wester Lakes Geopark Project team for any question or enquiry you might have.\" \/>\n<meta name=\"robots\" content=\"index, follow, max-snippet:-1, max-image-preview:large, max-video-preview:-1\" \/>\n<link rel=\"canonical\" href=\"https:\/\/joycecountrygeoparkproject.ie\/ga\/contact-us\/\" \/>\n<meta property=\"og:locale\" content=\"en_US\" \/>\n<meta property=\"og:type\" content=\"article\" \/>\n<meta property=\"og:title\" content=\"Contact Us &#8212; Joyce Country &amp; Western Lakes Geopark Project\" \/>\n<meta property=\"og:description\" content=\"Get in touch with Joyce Country &amp; Wester Lakes Geopark Project team for any question or enquiry you might have.\" \/>\n<meta property=\"og:url\" content=\"https:\/\/joycecountrygeoparkproject.ie\/ga\/contact-us\/\" \/>\n<meta property=\"og:site_name\" content=\"Joyce Country &amp; Western Lakes Geopark Project\" \/>\n<meta property=\"article:publisher\" content=\"https:\/\/www.facebook.com\/JCWLGeopark\/\" \/>\n<meta property=\"article:modified_time\" content=\"2022-10-12T13:38:16+00:00\" \/>\n<meta name=\"twitter:card\" content=\"summary_large_image\" \/>\n<meta name=\"twitter:site\" content=\"@JCWLGeopark\" \/>\n<meta name=\"twitter:label1\" content=\"Est. reading time\" \/>\n\t<meta name=\"twitter:data1\" content=\"1 minute\" \/>\n<script type=\"application\/ld+json\" class=\"yoast-schema-graph\">{\"@context\":\"https:\/\/schema.org\",\"@graph\":[{\"@type\":[\"WebPage\",\"ContactPage\"],\"@id\":\"https:\/\/joycecountrygeoparkproject.ie\/contact-us\/\",\"url\":\"https:\/\/joycecountrygeoparkproject.ie\/contact-us\/\",\"name\":\"Contact Us &#8212; Joyce Country &amp; Western Lakes Geopark Project\",\"isPartOf\":{\"@id\":\"https:\/\/joycecountrygeoparkproject.ie\/en\/#website\"},\"datePublished\":\"2020-08-13T14:48:05+00:00\",\"dateModified\":\"2022-10-12T13:38:16+00:00\",\"description\":\"Get in touch with Joyce Country & Wester Lakes Geopark Project team for any question or enquiry you might have.\",\"breadcrumb\":{\"@id\":\"https:\/\/joycecountrygeoparkproject.ie\/contact-us\/#breadcrumb\"},\"inLanguage\":\"ga\",\"potentialAction\":[{\"@type\":\"ReadAction\",\"target\":[\"https:\/\/joycecountrygeoparkproject.ie\/contact-us\/\"]}]},{\"@type\":\"BreadcrumbList\",\"@id\":\"https:\/\/joycecountrygeoparkproject.ie\/contact-us\/#breadcrumb\",\"itemListElement\":[{\"@type\":\"ListItem\",\"position\":1,\"name\":\"Home\",\"item\":\"https:\/\/joycecountrygeoparkproject.ie\/\"},{\"@type\":\"ListItem\",\"position\":2,\"name\":\"Contact Us\"}]},{\"@type\":\"WebSite\",\"@id\":\"https:\/\/joycecountrygeoparkproject.ie\/en\/#website\",\"url\":\"https:\/\/joycecountrygeoparkproject.ie\/en\/\",\"name\":\"Joyce Country And Western Lakes Geopark\",\"description\":\"Working towards a Geopark in the West of Ireland\",\"publisher\":{\"@id\":\"https:\/\/joycecountrygeoparkproject.ie\/en\/#organization\"},\"potentialAction\":[{\"@type\":\"SearchAction\",\"target\":{\"@type\":\"EntryPoint\",\"urlTemplate\":\"https:\/\/joycecountrygeoparkproject.ie\/en\/?s={search_term_string}\"},\"query-input\":{\"@type\":\"PropertyValueSpecification\",\"valueRequired\":true,\"valueName\":\"search_term_string\"}}],\"inLanguage\":\"ga\"},{\"@type\":\"Organization\",\"@id\":\"https:\/\/joycecountrygeoparkproject.ie\/en\/#organization\",\"name\":\"Joyce Country And Western Lakes Geopark\",\"url\":\"https:\/\/joycecountrygeoparkproject.ie\/en\/\",\"logo\":{\"@type\":\"ImageObject\",\"inLanguage\":\"ga\",\"@id\":\"https:\/\/joycecountrygeoparkproject.ie\/en\/#\/schema\/logo\/image\/\",\"url\":\"https:\/\/joycecountrygeoparkproject.ie\/wp-content\/uploads\/2020\/07\/Landscape-logo_colour_resize.svg\",\"contentUrl\":\"https:\/\/joycecountrygeoparkproject.ie\/wp-content\/uploads\/2020\/07\/Landscape-logo_colour_resize.svg\",\"width\":1,\"height\":1,\"caption\":\"Joyce Country And Western Lakes Geopark\"},\"image\":{\"@id\":\"https:\/\/joycecountrygeoparkproject.ie\/en\/#\/schema\/logo\/image\/\"},\"sameAs\":[\"https:\/\/www.facebook.com\/JCWLGeopark\/\",\"https:\/\/x.com\/JCWLGeopark\",\"https:\/\/www.instagram.com\/JCWLGeopark\/\",\"https:\/\/www.youtube.com\/@JCWLGeopark\"]}]}<\/script>\n<!-- \/ Yoast SEO plugin. -->","yoast_head_json":{"title":"Contact Us &#8212; Joyce Country &amp; Western Lakes Geopark Project","description":"Get in touch with Joyce Country & Wester Lakes Geopark Project team for any question or enquiry you might have.","robots":{"index":"index","follow":"follow","max-snippet":"max-snippet:-1","max-image-preview":"max-image-preview:large","max-video-preview":"max-video-preview:-1"},"canonical":"https:\/\/joycecountrygeoparkproject.ie\/ga\/contact-us\/","og_locale":"en_US","og_type":"article","og_title":"Contact Us &#8212; Joyce Country &amp; Western Lakes Geopark Project","og_description":"Get in touch with Joyce Country & Wester Lakes Geopark Project team for any question or enquiry you might have.","og_url":"https:\/\/joycecountrygeoparkproject.ie\/ga\/contact-us\/","og_site_name":"Joyce Country &amp; Western Lakes Geopark Project","article_publisher":"https:\/\/www.facebook.com\/JCWLGeopark\/","article_modified_time":"2022-10-12T13:38:16+00:00","twitter_card":"summary_large_image","twitter_site":"@JCWLGeopark","twitter_misc":{"Est. reading time":"1 minute"},"schema":{"@context":"https:\/\/schema.org","@graph":[{"@type":["WebPage","ContactPage"],"@id":"https:\/\/joycecountrygeoparkproject.ie\/contact-us\/","url":"https:\/\/joycecountrygeoparkproject.ie\/contact-us\/","name":"Contact Us &#8212; Joyce Country &amp; Western Lakes Geopark Project","isPartOf":{"@id":"https:\/\/joycecountrygeoparkproject.ie\/en\/#website"},"datePublished":"2020-08-13T14:48:05+00:00","dateModified":"2022-10-12T13:38:16+00:00","description":"Get in touch with Joyce Country & Wester Lakes Geopark Project team for any question or enquiry you might have.","breadcrumb":{"@id":"https:\/\/joycecountrygeoparkproject.ie\/contact-us\/#breadcrumb"},"inLanguage":"ga","potentialAction":[{"@type":"ReadAction","target":["https:\/\/joycecountrygeoparkproject.ie\/contact-us\/"]}]},{"@type":"BreadcrumbList","@id":"https:\/\/joycecountrygeoparkproject.ie\/contact-us\/#breadcrumb","itemListElement":[{"@type":"ListItem","position":1,"name":"Home","item":"https:\/\/joycecountrygeoparkproject.ie\/"},{"@type":"ListItem","position":2,"name":"Contact Us"}]},{"@type":"WebSite","@id":"https:\/\/joycecountrygeoparkproject.ie\/en\/#website","url":"https:\/\/joycecountrygeoparkproject.ie\/en\/","name":"Joyce Country And Western Lakes Geopark","description":"Working towards a Geopark in the West of Ireland","publisher":{"@id":"https:\/\/joycecountrygeoparkproject.ie\/en\/#organization"},"potentialAction":[{"@type":"SearchAction","target":{"@type":"EntryPoint","urlTemplate":"https:\/\/joycecountrygeoparkproject.ie\/en\/?s={search_term_string}"},"query-input":{"@type":"PropertyValueSpecification","valueRequired":true,"valueName":"search_term_string"}}],"inLanguage":"ga"},{"@type":"Organization","@id":"https:\/\/joycecountrygeoparkproject.ie\/en\/#organization","name":"Joyce Country And Western Lakes Geopark","url":"https:\/\/joycecountrygeoparkproject.ie\/en\/","logo":{"@type":"ImageObject","inLanguage":"ga","@id":"https:\/\/joycecountrygeoparkproject.ie\/en\/#\/schema\/logo\/image\/","url":"https:\/\/joycecountrygeoparkproject.ie\/wp-content\/uploads\/2020\/07\/Landscape-logo_colour_resize.svg","contentUrl":"https:\/\/joycecountrygeoparkproject.ie\/wp-content\/uploads\/2020\/07\/Landscape-logo_colour_resize.svg","width":1,"height":1,"caption":"Joyce Country And Western Lakes Geopark"},"image":{"@id":"https:\/\/joycecountrygeoparkproject.ie\/en\/#\/schema\/logo\/image\/"},"sameAs":["https:\/\/www.facebook.com\/JCWLGeopark\/","https:\/\/x.com\/JCWLGeopark","https:\/\/www.instagram.com\/JCWLGeopark\/","https:\/\/www.youtube.com\/@JCWLGeopark"]}]}},"_links":{"self":[{"href":"https:\/\/joycecountrygeoparkproject.ie\/ga\/wp-json\/wp\/v2\/pages\/4529","targetHints":{"allow":["GET"]}}],"collection":[{"href":"https:\/\/joycecountrygeoparkproject.ie\/ga\/wp-json\/wp\/v2\/pages"}],"about":[{"href":"https:\/\/joycecountrygeoparkproject.ie\/ga\/wp-json\/wp\/v2\/types\/page"}],"author":[{"embeddable":true,"href":"https:\/\/joycecountrygeoparkproject.ie\/ga\/wp-json\/wp\/v2\/users\/1"}],"replies":[{"embeddable":true,"href":"https:\/\/joycecountrygeoparkproject.ie\/ga\/wp-json\/wp\/v2\/comments?post=4529"}],"version-history":[{"count":14,"href":"https:\/\/joycecountrygeoparkproject.ie\/ga\/wp-json\/wp\/v2\/pages\/4529\/revisions"}],"predecessor-version":[{"id":6859,"href":"https:\/\/joycecountrygeoparkproject.ie\/ga\/wp-json\/wp\/v2\/pages\/4529\/revisions\/6859"}],"wp:attachment":[{"href":"https:\/\/joycecountrygeoparkproject.ie\/ga\/wp-json\/wp\/v2\/media?parent=4529"}],"curies":[{"name":"wp","href":"https:\/\/api.w.org\/{rel}","templated":true}]}}