{"id":4777,"date":"2020-09-22T11:04:26","date_gmt":"2020-09-22T11:04:26","guid":{"rendered":"https:\/\/joycecountrygeoparkproject.ie\/?page_id=4777"},"modified":"2021-03-05T16:52:16","modified_gmt":"2021-03-05T16:52:16","slug":"landscape-of-joyce-country-and-western-lakes-region","status":"publish","type":"page","link":"https:\/\/joycecountrygeoparkproject.ie\/ga\/landscape-of-joyce-country-and-western-lakes-region\/","title":{"rendered":"Landscape Of Joyce Country And Western Lakes Region"},"content":{"rendered":"<div class=\"wpb-content-wrapper\"><section class=\"vc_section\"><section class=\"vc_row wpb_row vc_row-fluid vc_custom_1597317250453 row-contains-padding-top row-contains-padding-bottom liquid-row-shadowbox-69d4f69f3c101\"><div class=\"ld-container container\"><div class=\"row ld-row\"><div class=\"wpb_column vc_column_container vc_col-sm-12 liquid-column-69d4f69f3c3e1\"><div class=\"vc_column-inner\"><div class=\"wpb_wrapper\"   ><div class=\"wpb_wrapper-inner\"><div data-custom-animations=\"true\" data-ca-options='{\"triggerHandler\":\"inview\",\"animationTarget\":\".wpb_column\",\"duration\":700,\"delay\":100,\"easing\":\"easeOutQuint\",\"direction\":\"forward\",\"initValues\":[],\"animations\":[]}' class=\"vc_row wpb_row vc_inner vc_row-fluid vc_custom_1600773241033 liquid-row-shadowbox-69d4f69f3c754 vc_column-gap-35 vc_row-o-equal-height vc_row-o-content-middle vc_row-flex\"><div class=\"wpb_column vc_column_container vc_col-sm-6 liquid-column-69d4f69f3cbba\"><div class=\"vc_column-inner\"><div class=\"wpb_wrapper\"  ><div class=\"wpb_wrapper-inner\">\n\t<div class=\"wpb_text_column wpb_content_element\" >\n\t\t<div class=\"wpb_wrapper\">\n\t\t\t<h2>T\u00cdRDHREACH R\u00c9IGI\u00daN DH\u00daICHE SHEOIGHEACH &amp; LOCHANNA AN IARTHAIR<\/h2>\n\n\t\t<\/div>\n\t<\/div>\n<\/div><\/div><\/div><\/div><div class=\"wpb_column vc_column_container vc_col-sm-6 liquid-column-69d4f69f3d06e\"><div class=\"vc_column-inner\"><div class=\"wpb_wrapper\"  ><div class=\"wpb_wrapper-inner\">\n\t<div  class=\"wpb_single_image wpb_content_element vc_align_center  liquid_vc_single_image-69d4f69f4ddba\">\n\t\t\n\t\t<figure class=\"wpb_wrapper vc_figure\">\n\t\t\t<div class=\"vc_single_image-wrapper   vc_box_border_grey\"><img loading=\"lazy\" decoding=\"async\" width=\"780\" height=\"439\" src=\"data:image\/svg+xml;charset=utf-8,&lt;svg xmlns%3D&#039;http%3A%2F%2Fwww.w3.org%2F2000%2Fsvg&#039; viewBox%3D&#039;0 0 1000 563&#039;%2F&gt;\" class=\"vc_single_image-img attachment-large ld-lazyload\" alt=\"\" title=\"12-Bens,-Inagh-Valley-16-9\" srcset=\"\" sizes=\"auto, (max-width: 780px) 100vw, 780px\" data-src=\"https:\/\/joycecountrygeoparkproject.ie\/wp-content\/uploads\/2020\/09\/12-Bens-Inagh-Valley-16-9.jpg\" data-srcset=\"https:\/\/joycecountrygeoparkproject.ie\/wp-content\/uploads\/2020\/09\/12-Bens-Inagh-Valley-16-9.jpg 1000w, https:\/\/joycecountrygeoparkproject.ie\/wp-content\/uploads\/2020\/09\/12-Bens-Inagh-Valley-16-9-300x169.jpg 300w, https:\/\/joycecountrygeoparkproject.ie\/wp-content\/uploads\/2020\/09\/12-Bens-Inagh-Valley-16-9-16x9.jpg 16w\" data-aspect=\"1.7761989342806\" \/><\/div>\n\t\t<\/figure>\n\t<\/div>\n<\/div><\/div><\/div><\/div><\/div><div class=\"vc_row wpb_row vc_inner vc_row-fluid liquid-row-shadowbox-69d4f69f4e03e\"><div class=\"wpb_column vc_column_container vc_col-sm-12 liquid-column-69d4f69f4e64a\"><div class=\"vc_column-inner\"><div class=\"wpb_wrapper\"  ><div class=\"wpb_wrapper-inner\"><style>.ld_spacer_69d4f69f4e762{height:100px;}<\/style>\n<div class=\"ld-empty-space ld_spacer_69d4f69f4e762\"><span class=\"liquid_empty_space_inner\"><\/span><\/div>\n\t<div class=\"wpb_text_column wpb_content_element\" >\n\t\t<div class=\"wpb_wrapper\">\n\t\t\t<p>T\u00e1 an codarsnacht idir ardtailte Shliabh Phartra\u00ed, Mh\u00e1m Trasna, Shl\u00e9ibhte Mh\u00e1m Toirc, na Binne Bige, Log na Brice agus Bhinn Shl\u00e9ibhe san iarthar agus na machair\u00ed droimneacha a sh\u00edneann isteach i L\u00e1r na T\u00edre san oirthear ag tos\u00fa ag clada\u00ed Loch Measca, Loch Ceara agus Loch Coirib ina comhartha s\u00f3irt ag t\u00edrdhreach thionscadal gheoph\u00e1irc Dh\u00faiche Sheoigheach &amp; Lochanna an Iarthair<\/p>\n<p class=\" translation-block\">Is loch uath\u00fail marla 16 km<sup>2<\/sup> \u00e9 <a href=\"https:\/\/joycecountrygeoparkproject.ie\/attractions\/lough-carra\/\" target=\"_self\">Loch Ceara<\/a> ina bhfuil iliomad oile\u00e1n agus an-\u00e9ags\u00falacht gn\u00e1th\u00f3g le haghaidh bl\u00e1thanna, feithid\u00ed agus \u00e9an  (<a href=\"http:\/\/www.loughcarra.org\/\" target=\"_self\">(www.loughcarra.org)<\/a>.<\/p>\n<p class=\" translation-block\">Cl\u00fada\u00edonn Loch Measca achar de bhreis agus 81 km<sup>2<\/sup> (an 6\u00fa loch is m\u00f3 sa st\u00e1t) agus t\u00e1 s\u00e9 58m ar domhain ar a doimhne, a fh\u00e1gann go bhfuil s\u00e9 ar cheann de na lochanna is doimhne sa t\u00edr. Tugtar loch olagatr\u00f3fach air, a chialla\u00edonn go bhfuil m\u00e9id \u00edseal cothaithigh ann a chuireann srian le f\u00e1s alga\u00ed, agus a fh\u00e1gann gur f\u00e9idir \u00e9 a \u00fas\u00e1id mar mh\u00f3rfhoinse uisce \u00f3il i gcontae Mhaigh Eo.<\/p>\n<p class=\" translation-block\">Agus \u00e9 180 km<sup>2<\/sup> \u00f3 thaobh m\u00e9ide de, is \u00e9 Loch Coirib an dara loch is m\u00f3 in \u00c9irinn agus t\u00e1 s\u00e9 roinnte go garbh in d\u00e1 abhantrach, abhantrach \u00f3 dheas at\u00e1 measartha \u00e9adomhain agus aolchloch faoina bhun agus abhantrach n\u00edos m\u00f3 agus n\u00edos doimhne \u00f3 thuaidh a bhfuil \u00e9ags\u00falacht bhuncharraigeacha d\u2019aoiseanna agus bun\u00fais dhifri\u00fala faoina bhun.<\/p>\n<p class=\" translation-block\">T\u00e1 c\u00e1il ar gach ceann de na lochanna seo mar gheall ar an slatiascaireacht. T\u00e1 an t-uisce i ngach ceann acu ceangailte lena ch\u00e9ile, agus ritheann siad \u00f3 dheas isteach i gCuan na Gaillimhe. T\u00e1 sl\u00e9ibhte \u00e1r dtionscadail geoph\u00e1irce idir 440 agus 700 m ar airde agus t\u00e1 gleannta ar chruthaigh oighearshruthanna iad, lochanna agus an iliomad aibhneacha a ritheann isteach sa d\u00e1 loch n\u00edos m\u00f3 taobh thoir agus isteach sa <a href=\"https:\/\/joycecountrygeoparkproject.ie\/attractions\/geosite-killary-fjord\/\" target=\"_self\">Chaol\u00e1ire Rua<\/a>, an t-aon fhiord amh\u00e1in in \u00c9irinn, taobh thiar, ina measc. N\u00edl ach dosaen sr\u00e1idbhailte agus tithe breactha go rialta idir na sl\u00e9ibhte agus clada\u00ed na n-aibhneacha in\u00e1r r\u00e9igi\u00fan tuaithe tionscadail geoph\u00e1irce, agus t\u00e1 an dl\u00fas is airde daoine ar an taobh thoir de na lochanna n\u00edos m\u00f3 ar an machaire.<\/p>\n<p class=\" translation-block\">Agus is f\u00e9idir libh tuilleadh a fh\u00e1il sna leabhair agus hailt liostaithe <a href=\"https:\/\/joycecountrygeoparkproject.ie\/wp-content\/uploads\/2021\/03\/Bibliography_Bibleagrafiocht-Landscape_Tirdhreach.pdf\" target=\"_self\" rel=\"noopener noreferrer\">anseo<\/a>.<\/p>\n\n\t\t<\/div>\n\t<\/div>\n<\/div><\/div><\/div><\/div><div class=\"wpb_column vc_column_container vc_col-sm-12 text-center liquid-column-69d4f69f4eba2\"><div class=\"vc_column-inner\"><div class=\"wpb_wrapper\"  ><div class=\"wpb_wrapper-inner\"><style>.ld_spacer_69d4f69f4ec27{height:100px;}<\/style>\n<div class=\"ld-empty-space ld_spacer_69d4f69f4ec27\"><span class=\"liquid_empty_space_inner\"><\/span><\/div><\/div><\/div><\/div><\/div><\/div><div class=\"vc_row wpb_row vc_inner vc_row-fluid liquid-row-shadowbox-69d4f69f4ee84\"><div class=\"wpb_column vc_column_container vc_col-sm-4 liquid-column-69d4f69f4f200\"><div class=\"vc_column-inner\"><div class=\"wpb_wrapper\"  ><div class=\"wpb_wrapper-inner\"><style>.ld_content_box_69d4f69f4f346{min-height:450px;}<\/style><div id=\"ld_content_box_69d4f69f4f346\" class=\"fancy-box text-center scheme-light fancy-box-heading-lg fancy-box-overlay fancy-box-overlay-alt fancy-box-custom-height ld_content_box_69d4f69f4f346\">\n\t\n\t<div class=\"cb-img-container\">\n\t\t<figure class=\"fancy-box-image border-radius-3\" data-responsive-bg=\"true\" data-liquid-blur=\"true\" data-blur-options='{\"imgSrc\":\"backgroundImage\",\"radius\":25,\"blurHandlerOn\":\"static\"}'><img loading=\"lazy\" decoding=\"async\" width=\"1920\" height=\"1279\" src=\"data:image\/svg+xml;charset=utf-8,&lt;svg xmlns%3D&#039;http%3A%2F%2Fwww.w3.org%2F2000%2Fsvg&#039; viewBox%3D&#039;0 0 1920 1279&#039;%2F&gt;\" class=\"invisible ld-lazyload\" alt=\"A GLACIAL LANDSCAPE\" srcset=\"\" sizes=\"auto, (max-width: 1920px) 100vw, 1920px\" data-src=\"https:\/\/joycecountrygeoparkproject.ie\/wp-content\/uploads\/2020\/09\/Killary-Fjord-middle.jpg\" data-srcset=\"https:\/\/joycecountrygeoparkproject.ie\/wp-content\/uploads\/2020\/09\/Killary-Fjord-middle.jpg 1920w, https:\/\/joycecountrygeoparkproject.ie\/wp-content\/uploads\/2020\/09\/Killary-Fjord-middle-300x200.jpg 300w, https:\/\/joycecountrygeoparkproject.ie\/wp-content\/uploads\/2020\/09\/Killary-Fjord-middle-1024x682.jpg 1024w, https:\/\/joycecountrygeoparkproject.ie\/wp-content\/uploads\/2020\/09\/Killary-Fjord-middle-16x12.jpg 16w\" data-aspect=\"1.5011727912432\" \/><\/figure>\t<\/div><!-- \/.cb-img-container -->\n\n\t<span class=\"cb-overlay\"><\/span><!-- \/.cb-overlay -->\n\n\t<div class=\"fancy-box-contents justify-content-center\">\n\t\t\n\t\t<div class=\"fancy-box-header\">\n\n\t\t\t<h3 class=\"text-uppercase ltr-sp-05 font-weight-bold mb-3 translation-block\">T\u00cdRDHREACH OIGHREACH<\/h3>\t\t\t<p class=\"text-uppercase ltr-sp-175 font-weight-semibold\">OIGHRI\u00da ARDTAL\u00daN &amp; \u00cdSEALTAL\u00daN<\/p>\n\t\t<\/div><!-- \/.fancy-box-header -->\n\t\t\n\t<\/div><!-- \/.fancy-box-contents -->\n\n\t<a href=\"https:\/\/joycecountrygeoparkproject.ie\/ga\/the-landscape-of-the-joyce-country-and-western-lakes\/a-glacial-landscape\/\" title=\"T\u00edrdhreach Oighreach\" class=\"liquid-overlay-link\"><\/a>\t\n<\/div><!-- \/.fancy-box fancy-box-classes --><\/div><\/div><\/div><\/div><div class=\"wpb_column vc_column_container vc_col-sm-4 liquid-column-69d4f69f63915\"><div class=\"vc_column-inner\"><div class=\"wpb_wrapper\"  ><div class=\"wpb_wrapper-inner\"><style>.ld_content_box_69d4f69f63a98{min-height:450px;}<\/style><div id=\"ld_content_box_69d4f69f63a98\" class=\"fancy-box text-center scheme-light fancy-box-heading-lg fancy-box-overlay fancy-box-overlay-alt fancy-box-custom-height ld_content_box_69d4f69f63a98\">\n\t\n\t<div class=\"cb-img-container\">\n\t\t<figure class=\"fancy-box-image border-radius-3\" data-responsive-bg=\"true\" data-liquid-blur=\"true\" data-blur-options='{\"imgSrc\":\"backgroundImage\",\"radius\":25,\"blurHandlerOn\":\"static\"}'><img loading=\"lazy\" decoding=\"async\" width=\"1920\" height=\"1279\" src=\"data:image\/svg+xml;charset=utf-8,&lt;svg xmlns%3D&#039;http%3A%2F%2Fwww.w3.org%2F2000%2Fsvg&#039; viewBox%3D&#039;0 0 1920 1279&#039;%2F&gt;\" class=\"invisible ld-lazyload\" alt=\"T\u00cdRDHREACH CARSTACH\" srcset=\"\" sizes=\"auto, (max-width: 1920px) 100vw, 1920px\" data-src=\"https:\/\/joycecountrygeoparkproject.ie\/wp-content\/uploads\/2020\/09\/Clonbur-Limestone-pavement-Clonbur.jpg\" data-srcset=\"https:\/\/joycecountrygeoparkproject.ie\/wp-content\/uploads\/2020\/09\/Clonbur-Limestone-pavement-Clonbur.jpg 1920w, https:\/\/joycecountrygeoparkproject.ie\/wp-content\/uploads\/2020\/09\/Clonbur-Limestone-pavement-Clonbur-300x200.jpg 300w, https:\/\/joycecountrygeoparkproject.ie\/wp-content\/uploads\/2020\/09\/Clonbur-Limestone-pavement-Clonbur-1024x682.jpg 1024w, https:\/\/joycecountrygeoparkproject.ie\/wp-content\/uploads\/2020\/09\/Clonbur-Limestone-pavement-Clonbur-16x12.jpg 16w\" data-aspect=\"1.5011727912432\" \/><\/figure>\t<\/div><!-- \/.cb-img-container -->\n\n\t<span class=\"cb-overlay\"><\/span><!-- \/.cb-overlay -->\n\n\t<div class=\"fancy-box-contents justify-content-center\">\n\t\t\n\t\t<div class=\"fancy-box-header\">\n\n\t\t\t<h3 class=\"text-uppercase ltr-sp-05 font-weight-bold mb-3 translation-block\">T\u00cdRDHREACH CARSTACH<\/h3>\t\t\t<p class=\"text-uppercase ltr-sp-175 font-weight-semibold\">TOCHAILT IN AOLCHLOCH<\/p>\n\t\t<\/div><!-- \/.fancy-box-header -->\n\t\t\n\t<\/div><!-- \/.fancy-box-contents -->\n\n\t<a href=\"https:\/\/joycecountrygeoparkproject.ie\/ga\/the-landscape-of-the-joyce-country-and-western-lakes\/a-karst-landscape\/\" title=\"T\u00cdRDHREACH CARSTACH\" class=\"liquid-overlay-link\"><\/a>\t\n<\/div><!-- \/.fancy-box fancy-box-classes --><\/div><\/div><\/div><\/div><div class=\"wpb_column vc_column_container vc_col-sm-4 liquid-column-69d4f69f7c23b\"><div class=\"vc_column-inner\"><div class=\"wpb_wrapper\"  ><div class=\"wpb_wrapper-inner\"><style>.ld_content_box_69d4f69f7c3c3{min-height:450px;}<\/style><div id=\"ld_content_box_69d4f69f7c3c3\" class=\"fancy-box text-center scheme-light fancy-box-heading-lg fancy-box-overlay fancy-box-overlay-alt fancy-box-custom-height ld_content_box_69d4f69f7c3c3\">\n\t\n\t<div class=\"cb-img-container\">\n\t\t<figure class=\"fancy-box-image border-radius-3\" data-responsive-bg=\"true\" data-liquid-blur=\"true\" data-blur-options='{\"imgSrc\":\"backgroundImage\",\"radius\":25,\"blurHandlerOn\":\"static\"}'><img loading=\"lazy\" decoding=\"async\" width=\"2560\" height=\"1920\" src=\"data:image\/svg+xml;charset=utf-8,&lt;svg xmlns%3D&#039;http%3A%2F%2Fwww.w3.org%2F2000%2Fsvg&#039; viewBox%3D&#039;0 0 2560 1920&#039;%2F&gt;\" class=\"invisible ld-lazyload\" alt=\"DR\u00cdODAR AGUS GN\u00c1TH\u00d3GA\" srcset=\"\" sizes=\"auto, (max-width: 2560px) 100vw, 2560px\" data-src=\"https:\/\/joycecountrygeoparkproject.ie\/wp-content\/uploads\/2020\/09\/Recent-peat-cutting-activities-deircs-scaled.jpg\" data-srcset=\"https:\/\/joycecountrygeoparkproject.ie\/wp-content\/uploads\/2020\/09\/Recent-peat-cutting-activities-deircs-scaled.jpg 2560w, https:\/\/joycecountrygeoparkproject.ie\/wp-content\/uploads\/2020\/09\/Recent-peat-cutting-activities-deircs-300x225.jpg 300w, https:\/\/joycecountrygeoparkproject.ie\/wp-content\/uploads\/2020\/09\/Recent-peat-cutting-activities-deircs-1024x768.jpg 1024w, https:\/\/joycecountrygeoparkproject.ie\/wp-content\/uploads\/2020\/09\/Recent-peat-cutting-activities-deircs-scaled-16x12.jpg 16w\" data-aspect=\"1.3333333333333\" \/><\/figure>\t<\/div><!-- \/.cb-img-container -->\n\n\t<span class=\"cb-overlay\"><\/span><!-- \/.cb-overlay -->\n\n\t<div class=\"fancy-box-contents justify-content-center\">\n\t\t\n\t\t<div class=\"fancy-box-header\">\n\n\t\t\t<h3 class=\"text-uppercase ltr-sp-05 font-weight-bold mb-3 translation-block\">DR\u00cdODAIR AGUS GN\u00c1TH\u00d3GA<\/h3>\t\t\t<p class=\"text-uppercase ltr-sp-175 font-weight-semibold\">AN BUN\u00daS \u00c1R NGORT<\/p>\n\t\t<\/div><!-- \/.fancy-box-header -->\n\t\t\n\t<\/div><!-- \/.fancy-box-contents -->\n\n\t<a href=\"https:\/\/joycecountrygeoparkproject.ie\/ga\/the-landscape-of-the-joyce-country-and-western-lakes\/sediments-and-habitats\/\" title=\"Sediments And Habitats\" class=\"liquid-overlay-link\"><\/a>\t\n<\/div><!-- \/.fancy-box fancy-box-classes --><\/div><\/div><\/div><\/div><\/div><\/div><\/div><\/div><\/div><\/div><\/div><\/section><\/section>\n<\/div>","protected":false},"excerpt":{"rendered":"LANDSCAPE OF JOYCE COUNTRY AND WESTERN LAKES REGION The landscape of the Joyce Country and...","protected":false},"author":1,"featured_media":4780,"parent":0,"menu_order":0,"comment_status":"closed","ping_status":"closed","template":"","meta":{"footnotes":""},"class_list":["post-4777","page","type-page","status-publish","has-post-thumbnail","hentry"],"yoast_head":"<!-- This site is optimized with the Yoast SEO plugin v24.0 - https:\/\/yoast.com\/wordpress\/plugins\/seo\/ -->\n<title>Landscape Of Joyce Country And Western Lakes Region &#8212; Joyce Country &amp; Western Lakes Geopark Project<\/title>\n<meta name=\"robots\" content=\"index, follow, max-snippet:-1, max-image-preview:large, max-video-preview:-1\" \/>\n<link rel=\"canonical\" href=\"https:\/\/joycecountrygeoparkproject.ie\/ga\/landscape-of-joyce-country-and-western-lakes-region\/\" \/>\n<meta property=\"og:locale\" content=\"en_US\" \/>\n<meta property=\"og:type\" content=\"article\" \/>\n<meta property=\"og:title\" content=\"Landscape Of Joyce Country And Western Lakes Region &#8212; Joyce Country &amp; Western Lakes Geopark Project\" \/>\n<meta property=\"og:url\" content=\"https:\/\/joycecountrygeoparkproject.ie\/ga\/landscape-of-joyce-country-and-western-lakes-region\/\" \/>\n<meta property=\"og:site_name\" content=\"Joyce Country &amp; Western Lakes Geopark Project\" \/>\n<meta property=\"article:publisher\" content=\"https:\/\/www.facebook.com\/JCWLGeopark\/\" \/>\n<meta property=\"article:modified_time\" content=\"2021-03-05T16:52:16+00:00\" \/>\n<meta property=\"og:image\" content=\"https:\/\/joycecountrygeoparkproject.ie\/wp-content\/uploads\/2020\/09\/Deircs-roadway.jpg\" \/>\n\t<meta property=\"og:image:width\" content=\"1920\" \/>\n\t<meta property=\"og:image:height\" content=\"1279\" \/>\n\t<meta property=\"og:image:type\" content=\"image\/jpeg\" \/>\n<meta name=\"twitter:card\" content=\"summary_large_image\" \/>\n<meta name=\"twitter:site\" content=\"@JCWLGeopark\" \/>\n<meta name=\"twitter:label1\" content=\"Est. reading time\" \/>\n\t<meta name=\"twitter:data1\" content=\"3 minutes\" \/>\n<script type=\"application\/ld+json\" class=\"yoast-schema-graph\">{\"@context\":\"https:\/\/schema.org\",\"@graph\":[{\"@type\":\"WebPage\",\"@id\":\"https:\/\/joycecountrygeoparkproject.ie\/fr\/landscape-of-joyce-country-and-western-lakes-region\/\",\"url\":\"https:\/\/joycecountrygeoparkproject.ie\/fr\/landscape-of-joyce-country-and-western-lakes-region\/\",\"name\":\"Landscape Of Joyce Country And Western Lakes Region &#8212; Joyce Country &amp; Western Lakes Geopark Project\",\"isPartOf\":{\"@id\":\"https:\/\/joycecountrygeoparkproject.ie\/en\/#website\"},\"primaryImageOfPage\":{\"@id\":\"https:\/\/joycecountrygeoparkproject.ie\/fr\/landscape-of-joyce-country-and-western-lakes-region\/#primaryimage\"},\"image\":{\"@id\":\"https:\/\/joycecountrygeoparkproject.ie\/fr\/landscape-of-joyce-country-and-western-lakes-region\/#primaryimage\"},\"thumbnailUrl\":\"https:\/\/joycecountrygeoparkproject.ie\/wp-content\/uploads\/2020\/09\/Deircs-roadway.jpg\",\"datePublished\":\"2020-09-22T11:04:26+00:00\",\"dateModified\":\"2021-03-05T16:52:16+00:00\",\"breadcrumb\":{\"@id\":\"https:\/\/joycecountrygeoparkproject.ie\/fr\/landscape-of-joyce-country-and-western-lakes-region\/#breadcrumb\"},\"inLanguage\":\"ga\",\"potentialAction\":[{\"@type\":\"ReadAction\",\"target\":[\"https:\/\/joycecountrygeoparkproject.ie\/fr\/landscape-of-joyce-country-and-western-lakes-region\/\"]}]},{\"@type\":\"ImageObject\",\"inLanguage\":\"ga\",\"@id\":\"https:\/\/joycecountrygeoparkproject.ie\/fr\/landscape-of-joyce-country-and-western-lakes-region\/#primaryimage\",\"url\":\"https:\/\/joycecountrygeoparkproject.ie\/wp-content\/uploads\/2020\/09\/Deircs-roadway.jpg\",\"contentUrl\":\"https:\/\/joycecountrygeoparkproject.ie\/wp-content\/uploads\/2020\/09\/Deircs-roadway.jpg\",\"width\":1920,\"height\":1279},{\"@type\":\"BreadcrumbList\",\"@id\":\"https:\/\/joycecountrygeoparkproject.ie\/fr\/landscape-of-joyce-country-and-western-lakes-region\/#breadcrumb\",\"itemListElement\":[{\"@type\":\"ListItem\",\"position\":1,\"name\":\"Home\",\"item\":\"https:\/\/joycecountrygeoparkproject.ie\/\"},{\"@type\":\"ListItem\",\"position\":2,\"name\":\"Landscape Of Joyce Country And Western Lakes Region\"}]},{\"@type\":\"WebSite\",\"@id\":\"https:\/\/joycecountrygeoparkproject.ie\/en\/#website\",\"url\":\"https:\/\/joycecountrygeoparkproject.ie\/en\/\",\"name\":\"Joyce Country And Western Lakes Geopark\",\"description\":\"Working towards a Geopark in the West of Ireland\",\"publisher\":{\"@id\":\"https:\/\/joycecountrygeoparkproject.ie\/en\/#organization\"},\"potentialAction\":[{\"@type\":\"SearchAction\",\"target\":{\"@type\":\"EntryPoint\",\"urlTemplate\":\"https:\/\/joycecountrygeoparkproject.ie\/en\/?s={search_term_string}\"},\"query-input\":{\"@type\":\"PropertyValueSpecification\",\"valueRequired\":true,\"valueName\":\"search_term_string\"}}],\"inLanguage\":\"ga\"},{\"@type\":\"Organization\",\"@id\":\"https:\/\/joycecountrygeoparkproject.ie\/en\/#organization\",\"name\":\"Joyce Country And Western Lakes Geopark\",\"url\":\"https:\/\/joycecountrygeoparkproject.ie\/en\/\",\"logo\":{\"@type\":\"ImageObject\",\"inLanguage\":\"ga\",\"@id\":\"https:\/\/joycecountrygeoparkproject.ie\/en\/#\/schema\/logo\/image\/\",\"url\":\"https:\/\/joycecountrygeoparkproject.ie\/wp-content\/uploads\/2020\/07\/Landscape-logo_colour_resize.svg\",\"contentUrl\":\"https:\/\/joycecountrygeoparkproject.ie\/wp-content\/uploads\/2020\/07\/Landscape-logo_colour_resize.svg\",\"width\":1,\"height\":1,\"caption\":\"Joyce Country And Western Lakes Geopark\"},\"image\":{\"@id\":\"https:\/\/joycecountrygeoparkproject.ie\/en\/#\/schema\/logo\/image\/\"},\"sameAs\":[\"https:\/\/www.facebook.com\/JCWLGeopark\/\",\"https:\/\/x.com\/JCWLGeopark\",\"https:\/\/www.instagram.com\/JCWLGeopark\/\",\"https:\/\/www.youtube.com\/@JCWLGeopark\"]}]}<\/script>\n<!-- \/ Yoast SEO plugin. -->","yoast_head_json":{"title":"Landscape Of Joyce Country And Western Lakes Region &#8212; Joyce Country &amp; Western Lakes Geopark Project","robots":{"index":"index","follow":"follow","max-snippet":"max-snippet:-1","max-image-preview":"max-image-preview:large","max-video-preview":"max-video-preview:-1"},"canonical":"https:\/\/joycecountrygeoparkproject.ie\/ga\/landscape-of-joyce-country-and-western-lakes-region\/","og_locale":"en_US","og_type":"article","og_title":"Landscape Of Joyce Country And Western Lakes Region &#8212; Joyce Country &amp; Western Lakes Geopark Project","og_url":"https:\/\/joycecountrygeoparkproject.ie\/ga\/landscape-of-joyce-country-and-western-lakes-region\/","og_site_name":"Joyce Country &amp; Western Lakes Geopark Project","article_publisher":"https:\/\/www.facebook.com\/JCWLGeopark\/","article_modified_time":"2021-03-05T16:52:16+00:00","og_image":[{"width":1920,"height":1279,"url":"https:\/\/joycecountrygeoparkproject.ie\/wp-content\/uploads\/2020\/09\/Deircs-roadway.jpg","type":"image\/jpeg"}],"twitter_card":"summary_large_image","twitter_site":"@JCWLGeopark","twitter_misc":{"Est. reading time":"3 minutes"},"schema":{"@context":"https:\/\/schema.org","@graph":[{"@type":"WebPage","@id":"https:\/\/joycecountrygeoparkproject.ie\/fr\/landscape-of-joyce-country-and-western-lakes-region\/","url":"https:\/\/joycecountrygeoparkproject.ie\/fr\/landscape-of-joyce-country-and-western-lakes-region\/","name":"Landscape Of Joyce Country And Western Lakes Region &#8212; Joyce Country &amp; Western Lakes Geopark Project","isPartOf":{"@id":"https:\/\/joycecountrygeoparkproject.ie\/en\/#website"},"primaryImageOfPage":{"@id":"https:\/\/joycecountrygeoparkproject.ie\/fr\/landscape-of-joyce-country-and-western-lakes-region\/#primaryimage"},"image":{"@id":"https:\/\/joycecountrygeoparkproject.ie\/fr\/landscape-of-joyce-country-and-western-lakes-region\/#primaryimage"},"thumbnailUrl":"https:\/\/joycecountrygeoparkproject.ie\/wp-content\/uploads\/2020\/09\/Deircs-roadway.jpg","datePublished":"2020-09-22T11:04:26+00:00","dateModified":"2021-03-05T16:52:16+00:00","breadcrumb":{"@id":"https:\/\/joycecountrygeoparkproject.ie\/fr\/landscape-of-joyce-country-and-western-lakes-region\/#breadcrumb"},"inLanguage":"ga","potentialAction":[{"@type":"ReadAction","target":["https:\/\/joycecountrygeoparkproject.ie\/fr\/landscape-of-joyce-country-and-western-lakes-region\/"]}]},{"@type":"ImageObject","inLanguage":"ga","@id":"https:\/\/joycecountrygeoparkproject.ie\/fr\/landscape-of-joyce-country-and-western-lakes-region\/#primaryimage","url":"https:\/\/joycecountrygeoparkproject.ie\/wp-content\/uploads\/2020\/09\/Deircs-roadway.jpg","contentUrl":"https:\/\/joycecountrygeoparkproject.ie\/wp-content\/uploads\/2020\/09\/Deircs-roadway.jpg","width":1920,"height":1279},{"@type":"BreadcrumbList","@id":"https:\/\/joycecountrygeoparkproject.ie\/fr\/landscape-of-joyce-country-and-western-lakes-region\/#breadcrumb","itemListElement":[{"@type":"ListItem","position":1,"name":"Home","item":"https:\/\/joycecountrygeoparkproject.ie\/"},{"@type":"ListItem","position":2,"name":"Landscape Of Joyce Country And Western Lakes Region"}]},{"@type":"WebSite","@id":"https:\/\/joycecountrygeoparkproject.ie\/en\/#website","url":"https:\/\/joycecountrygeoparkproject.ie\/en\/","name":"Joyce Country And Western Lakes Geopark","description":"Working towards a Geopark in the West of Ireland","publisher":{"@id":"https:\/\/joycecountrygeoparkproject.ie\/en\/#organization"},"potentialAction":[{"@type":"SearchAction","target":{"@type":"EntryPoint","urlTemplate":"https:\/\/joycecountrygeoparkproject.ie\/en\/?s={search_term_string}"},"query-input":{"@type":"PropertyValueSpecification","valueRequired":true,"valueName":"search_term_string"}}],"inLanguage":"ga"},{"@type":"Organization","@id":"https:\/\/joycecountrygeoparkproject.ie\/en\/#organization","name":"Joyce Country And Western Lakes Geopark","url":"https:\/\/joycecountrygeoparkproject.ie\/en\/","logo":{"@type":"ImageObject","inLanguage":"ga","@id":"https:\/\/joycecountrygeoparkproject.ie\/en\/#\/schema\/logo\/image\/","url":"https:\/\/joycecountrygeoparkproject.ie\/wp-content\/uploads\/2020\/07\/Landscape-logo_colour_resize.svg","contentUrl":"https:\/\/joycecountrygeoparkproject.ie\/wp-content\/uploads\/2020\/07\/Landscape-logo_colour_resize.svg","width":1,"height":1,"caption":"Joyce Country And Western Lakes Geopark"},"image":{"@id":"https:\/\/joycecountrygeoparkproject.ie\/en\/#\/schema\/logo\/image\/"},"sameAs":["https:\/\/www.facebook.com\/JCWLGeopark\/","https:\/\/x.com\/JCWLGeopark","https:\/\/www.instagram.com\/JCWLGeopark\/","https:\/\/www.youtube.com\/@JCWLGeopark"]}]}},"_links":{"self":[{"href":"https:\/\/joycecountrygeoparkproject.ie\/ga\/wp-json\/wp\/v2\/pages\/4777","targetHints":{"allow":["GET"]}}],"collection":[{"href":"https:\/\/joycecountrygeoparkproject.ie\/ga\/wp-json\/wp\/v2\/pages"}],"about":[{"href":"https:\/\/joycecountrygeoparkproject.ie\/ga\/wp-json\/wp\/v2\/types\/page"}],"author":[{"embeddable":true,"href":"https:\/\/joycecountrygeoparkproject.ie\/ga\/wp-json\/wp\/v2\/users\/1"}],"replies":[{"embeddable":true,"href":"https:\/\/joycecountrygeoparkproject.ie\/ga\/wp-json\/wp\/v2\/comments?post=4777"}],"version-history":[{"count":11,"href":"https:\/\/joycecountrygeoparkproject.ie\/ga\/wp-json\/wp\/v2\/pages\/4777\/revisions"}],"predecessor-version":[{"id":6088,"href":"https:\/\/joycecountrygeoparkproject.ie\/ga\/wp-json\/wp\/v2\/pages\/4777\/revisions\/6088"}],"wp:featuredmedia":[{"embeddable":true,"href":"https:\/\/joycecountrygeoparkproject.ie\/ga\/wp-json\/wp\/v2\/media\/4780"}],"wp:attachment":[{"href":"https:\/\/joycecountrygeoparkproject.ie\/ga\/wp-json\/wp\/v2\/media?parent=4777"}],"curies":[{"name":"wp","href":"https:\/\/api.w.org\/{rel}","templated":true}]}}