{"id":5062,"date":"2020-10-07T10:19:03","date_gmt":"2020-10-07T10:19:03","guid":{"rendered":"https:\/\/joycecountrygeoparkproject.ie\/?page_id=5062"},"modified":"2024-02-16T16:48:09","modified_gmt":"2024-02-16T16:48:09","slug":"geopark_networks","status":"publish","type":"page","link":"https:\/\/joycecountrygeoparkproject.ie\/ga\/geopark_networks\/","title":{"rendered":"L\u00edonra\u00ed Geoph\u00e1irce"},"content":{"rendered":"<div class=\"wpb-content-wrapper\"><section class=\"vc_section\"><section class=\"vc_row wpb_row vc_row-fluid vc_custom_1597317250453 row-contains-padding-top row-contains-padding-bottom liquid-row-shadowbox-69d5eac7219a1\"><div class=\"ld-container container\"><div class=\"row ld-row\"><div class=\"wpb_column vc_column_container vc_col-sm-12 liquid-column-69d5eac721ac5\"><div class=\"vc_column-inner\"><div class=\"wpb_wrapper\"   ><div class=\"wpb_wrapper-inner\"><div data-custom-animations=\"true\" data-ca-options='{\"triggerHandler\":\"inview\",\"animationTarget\":\".wpb_column\",\"duration\":700,\"delay\":100,\"easing\":\"easeOutQuint\",\"direction\":\"forward\",\"initValues\":[],\"animations\":[]}' class=\"vc_row wpb_row vc_inner vc_row-fluid vc_custom_1600022599396 liquid-row-shadowbox-69d5eac721b92 vc_column-gap-35 vc_row-o-equal-height vc_row-o-content-middle vc_row-flex\"><div class=\"wpb_column vc_column_container vc_col-sm-6 liquid-column-69d5eac721cce\"><div class=\"vc_column-inner\"><div class=\"wpb_wrapper\"  ><div class=\"wpb_wrapper-inner\">\n\t<div class=\"wpb_text_column wpb_content_element\" >\n\t\t<div class=\"wpb_wrapper\">\n\t\t\t\n\t\t<\/div>\n\t<\/div>\n<style>.ld_spacer_69d5eac721d9d{height:100px;}<\/style>\n<div class=\"ld-empty-space ld_spacer_69d5eac721d9d\"><span class=\"liquid_empty_space_inner\"><\/span><\/div>\n\t<div class=\"wpb_text_column wpb_content_element\" >\n\t\t<div class=\"wpb_wrapper\">\n\t\t\t<h4>L\u00cdONRA\u00cd AGUS TAIRBH\u00cd<\/h4>\n<h5>M\u00e1s Geoph\u00e1irc Dhomhanda UNESCO th\u00fa cialla\u00edonn s\u00e9 go mbeidh t\u00fa i do chuid de l\u00edonra\u00ed fuinni\u00fala, san \u00e1it a bhfuil baill tiomanta oibri\u00fa le ch\u00e9ile, smaointe agus dea-chleachtas a roinnt le ch\u00e9ile, agus p\u00e1irt a ghlacadh i gcomhthionscadail chun caighde\u00e1in ch\u00e1il\u00edochta gach t\u00e1irge agus gach cleachtais de Gheoph\u00e1irc Dhomhanda UNESCO a fheabhs\u00fa. M\u00e1 bhronntar st\u00e1das Gheoph\u00e1irc Dhomhanda UNESCO ar r\u00e9igi\u00fan geoph\u00e1irce Dh\u00faiche Sheoigheach &amp; Lochanna an Iarthair, beidh s\u00e9 ina bhall de na l\u00edonra\u00ed sin.<\/h5>\n\n\t\t<\/div>\n\t<\/div>\n<style>.ld_spacer_69d5eac721e37{height:100px;}<\/style>\n<div class=\"ld-empty-space ld_spacer_69d5eac721e37\"><span class=\"liquid_empty_space_inner\"><\/span><\/div><\/div><\/div><\/div><\/div><div class=\"wpb_column vc_column_container vc_col-sm-6 liquid-column-69d5eac721f16\"><div class=\"vc_column-inner\"><div class=\"wpb_wrapper\"  ><div class=\"wpb_wrapper-inner\">\n\t<div  class=\"wpb_single_image wpb_content_element vc_align_center  liquid_vc_single_image-69d5eac7326db\">\n\t\t\n\t\t<figure class=\"wpb_wrapper vc_figure\">\n\t\t\t<div class=\"vc_single_image-wrapper   vc_box_border_grey\"><img loading=\"lazy\" decoding=\"async\" width=\"3160\" height=\"1653\" src=\"data:image\/svg+xml;charset=utf-8,&lt;svg xmlns%3D&#039;http%3A%2F%2Fwww.w3.org%2F2000%2Fsvg&#039; viewBox%3D&#039;0 0 3160 1653&#039;%2F&gt;\" class=\"vc_single_image-img attachment-full ld-lazyload\" alt=\"\" title=\"UGG logo\" srcset=\"\" sizes=\"auto, (max-width: 3160px) 100vw, 3160px\" data-src=\"https:\/\/joycecountrygeoparkproject.ie\/wp-content\/uploads\/2020\/10\/UGG-logo.png\" data-srcset=\"https:\/\/joycecountrygeoparkproject.ie\/wp-content\/uploads\/2020\/10\/UGG-logo.png 3160w, https:\/\/joycecountrygeoparkproject.ie\/wp-content\/uploads\/2020\/10\/UGG-logo-300x157.png 300w, https:\/\/joycecountrygeoparkproject.ie\/wp-content\/uploads\/2020\/10\/UGG-logo-1024x536.png 1024w, https:\/\/joycecountrygeoparkproject.ie\/wp-content\/uploads\/2020\/10\/UGG-logo-16x8.png 16w\" data-aspect=\"1.9116757410768\" \/><\/div>\n\t\t<\/figure>\n\t<\/div>\n\n\t<div  class=\"wpb_single_image wpb_content_element vc_align_center  liquid_vc_single_image-69d5eac742a7d\">\n\t\t\n\t\t<figure class=\"wpb_wrapper vc_figure\">\n\t\t\t<div class=\"vc_single_image-wrapper   vc_box_border_grey\"><img loading=\"lazy\" decoding=\"async\" width=\"300\" height=\"168\" src=\"data:image\/svg+xml;charset=utf-8,&lt;svg xmlns%3D&#039;http%3A%2F%2Fwww.w3.org%2F2000%2Fsvg&#039; viewBox%3D&#039;0 0 300 168&#039;%2F&gt;\" class=\"vc_single_image-img attachment-full ld-lazyload\" alt=\"\" title=\"EGN and GGN logos\" srcset=\"\" sizes=\"auto, (max-width: 300px) 100vw, 300px\" data-src=\"https:\/\/joycecountrygeoparkproject.ie\/wp-content\/uploads\/2020\/10\/EGN-and-GGN-logos.png\" data-srcset=\"https:\/\/joycecountrygeoparkproject.ie\/wp-content\/uploads\/2020\/10\/EGN-and-GGN-logos.png 300w, https:\/\/joycecountrygeoparkproject.ie\/wp-content\/uploads\/2020\/10\/EGN-and-GGN-logos-16x9.png 16w\" data-aspect=\"1.7857142857143\" \/><\/div>\n\t\t<\/figure>\n\t<\/div>\n<\/div><\/div><\/div><\/div><\/div>\n\t<div class=\"wpb_text_column wpb_content_element\" >\n\t\t<div class=\"wpb_wrapper\">\n\t\t\t<p class=\" translation-block\">Is eagra\u00edocht sheachbhrab\u00fasach at\u00e1 bunaithe go dleathach \u00e9 <a href=\"http:\/\/www.globalgeopark.org\/aboutGGN\/51.htm\" target=\"_self\">L\u00edonra Geoph\u00e1irceanna Domhanda<\/a> a bhfuil t\u00e1ille bhliant\u00fail bhallra\u00edochta l\u00e9i agus caithfear t\u00fa a bheith i do bhall de m\u00e1 t\u00e1 t\u00fa le Geoph\u00e1irceanna Domhanda UNESCO. Buna\u00edodh L\u00edonra Geoph\u00e1irceanna Domhanda in 2004 agus is l\u00edonra fuinni\u00fail \u00e9 a bhfuil a gcuid ball tiomanta a bheith ag obair le ch\u00e9ile, smaointe agus cleachtais a roinnt le ch\u00e9ile, agus p\u00e1irt a ghlacadh i gcomhthionscadail chun caighde\u00e1in ch\u00e1il\u00edochta gach t\u00e1irge agus gach cleachtais de Gheoph\u00e1irc Dhomhanda UNESCO a fheabhs\u00fa. Tagann baill uile L\u00edonra Geoph\u00e1irceanna Domhanda le ch\u00e9ile gach dara bliain.<\/p>\n<p>T\u00e1 L\u00edonra Geoph\u00e1irceanna Domhanda i gc\u00f3na\u00ed ag m\u00e9ad\u00fa, ag tarraingt isteach sainchleachtas agus eolas nua as gach cearn den domhan agus as cult\u00fair \u00e9ags\u00fala. T\u00e1 s\u00e9 i gc\u00f3na\u00ed ag forbairt eiseaml\u00e1ir\u00ed de dhea-chleachtas agus ag leagan s\u00edos caighde\u00e1in d\u2019ardch\u00e1il\u00edocht do chr\u00edocha a chomhth\u00e1tha\u00edonn caomhn\u00fa na hoidhreachta geola\u00edochta le strait\u00e9is\u00ed chun geilleagar r\u00e9igi\u00fanach inmharthana a fhorbairt.<\/p>\n<p class=\" translation-block\">Nuair a <a href=\"https:\/\/www.visitgeoparks.org\/\" target=\"_self\">thugtar cuairt ar gheoph\u00e1irceanna<\/a> ar fud an domhain cinnt\u00edtear go bhfuil caighde\u00e1n c\u00e1il\u00edochta agus bainist\u00edocht inmharthana ann agus san am c\u00e9anna l\u00e9ir\u00edtear an r\u00e9imse dochreidte de na  gn\u00e9ithe geola\u00edochta, na t\u00edrdhreacha n\u00e1d\u00fartha agus na cult\u00fair dhaonna at\u00e1 le f\u00e1il sa domhan.<\/p>\n\n\t\t<\/div>\n\t<\/div>\n<style>.ld_spacer_69d5eac742b93{height:100px;}<\/style>\n<div class=\"ld-empty-space ld_spacer_69d5eac742b93\"><span class=\"liquid_empty_space_inner\"><\/span><\/div>\n\t<div class=\"wpb_text_column wpb_content_element\" >\n\t\t<div class=\"wpb_wrapper\">\n\t\t\t<p class=\" translation-block\">Is feidhm de chuid L\u00edonra Geoph\u00e1irceanna Domhanda \u00e9 <a href=\"http:\/\/www.europeangeoparks.org\/\" target=\"_self\">L\u00edonra Georph\u00e1irceanna na hEorpa<\/a>. Is oibr\u00edocht \u00e9 de l\u00edonra\u00ed r\u00e9igi\u00fanacha a thagann le ch\u00e9ile dh\u00e1 uair sa bhliain le comhghn\u00edomha\u00edochta\u00ed a fhorbairt agus a chur chun cinn. Crutha\u00edodh L\u00edonra Geoph\u00e1irceanna na hEorpa le taca\u00edocht an AE agus le comhoibri\u00fa le UNESCO in 2000.  Is \u00e9 an cusp\u00f3ir at\u00e1 leis tac\u00fa le forbairt inmharthana r\u00e9igi\u00fanach sa gheoph\u00e1irc tr\u00ed leas a bhaint as oidhreacht gheola\u00edochta r\u00e9igi\u00fain, go pr\u00edomha tr\u00ed fhorbairt na geothuras\u00f3ireachta.<\/p>\n\n\t\t<\/div>\n\t<\/div>\n<style>.ld_spacer_69d5eac742c47{height:100px;}<\/style>\n<div class=\"ld-empty-space ld_spacer_69d5eac742c47\"><span class=\"liquid_empty_space_inner\"><\/span><\/div>\n\t<div class=\"wpb_text_column wpb_content_element\" >\n\t\t<div class=\"wpb_wrapper\">\n\t\t\t<p>In 2007 buna\u00edodh Coiste na h\u00c9ireann um Gheola\u00edocht Dhomhanda UNESCO (IUGGC), arbh \u00e9 F\u00f3ram Uile-\u00c9ireann um Gheoph\u00e1irceanna a ainm roimhe sin. Buna\u00edodh \u00e9 le tac\u00fa le Geoph\u00e1irceanna agus tionscadail Gheoph\u00e1irce in \u00c9irinn. D\u00e9anann Suirbh\u00e9ireacht Gheola\u00edochta na h\u00c9ireann agus ceann Thuaisceart \u00c9ireann comhchathaoirleacht air agus t\u00e1 ionadaithe aige \u00f3 gach ceann de na tr\u00ed Gheoph\u00e1irc Dhomhanda UNESCO in \u00c9irinn.<\/p>\n<p>B\u00edonn F\u00f3ram Bliant\u00fail ag IUGGC chun Geoph\u00e1irceanna Domhanda UNESCO na h\u00c9ireann agus tionscadail eile Gheoph\u00e1irce agus gheothuras\u00f3ireachta a chur os comhair an phobail. De ghn\u00e1th b\u00edonn an \u00f3c\u00e1id seo ann i M\u00ed na Samhna gach bliain.<\/p>\n\n\t\t<\/div>\n\t<\/div>\n<style>.ld_spacer_69d5eac742cc7{height:100px;}<\/style>\n<div class=\"ld-empty-space ld_spacer_69d5eac742cc7\"><span class=\"liquid_empty_space_inner\"><\/span><\/div><div class=\"vc_row wpb_row vc_inner vc_row-fluid liquid-row-shadowbox-69d5eac742d47\"><div class=\"wpb_column vc_column_container vc_col-sm-6 liquid-column-69d5eac742e5c\"><div class=\"vc_column-inner\"><div class=\"wpb_wrapper\"  ><div class=\"wpb_wrapper-inner\">\n\t<div class=\"wpb_text_column wpb_content_element\" >\n\t\t<div class=\"wpb_wrapper\">\n\t\t\t<h4>Transforming our world: the 2030 Agenda for Sustainable Development<\/h4>\n<p>This United Nations&#8217; Agenda is a <strong>plan for action for people, the planet, prosperity, peace and partnership<\/strong>. The 17 Sustainable Development Goals (SDGs) and 169 targets demonstrate the scale and ambition of this new universal Agenda. The Goals and targets will stimulate action in the following areas of critical importance for humanity and the planet: to <strong>end poverty and hunger<\/strong> and ensure that all human beings can fulfill their potential in dignity and equality and in a healthy environment; to <strong>protect the planet from degradation<\/strong>, including through sustainable consumption and production, sustainably managing its natural resources and taking urgent action on climate change; to ensure that all human beings can <strong>enjoy prosperous and fulfilling lives<\/strong> and that economic, social and technological progress occurs in harmony with nature; to foster <strong>peaceful, just and inclusive societies<\/strong> which are free from fear and violence; to strengthen <strong>global solidarity<\/strong>, focused in particular on the needs of the poorest and most vulnerable and with the participation of all countries, all stakeholders and all people.<\/p>\n<p class=\"western\" lang=\"en-GB\">The geopark strategy, as laid out in its <a href=\"https:\/\/joycecountrygeoparkproject.ie\/wp-content\/uploads\/2023\/03\/Maistirphlean-Bainistiochta-Geophairc-DSLI-2022-2028.pdf\" target=\"_blank\" rel=\"noopener\">management master plan<\/a>, is well aligned and coherent with the SDGs, particularly 4 (quality education), 8 (decent work and economic growth), 11 (sustainable cities and communities), 12 (sustainable consumption and production patterns), 13 (climate action), 15 (life on land) and 17 (global partnership for sustainable development).<\/p>\n\n\t\t<\/div>\n\t<\/div>\n<\/div><\/div><\/div><\/div><div class=\"wpb_column vc_column_container vc_col-sm-6 text-center liquid-column-69d5eac742fb9\"><div class=\"vc_column-inner\"><div class=\"wpb_wrapper\"  ><div class=\"wpb_wrapper-inner\">\n\t<div  class=\"wpb_single_image wpb_content_element vc_align_left  liquid_vc_single_image-69d5eac754308\">\n\t\t\n\t\t<figure class=\"wpb_wrapper vc_figure\">\n\t\t\t<a href=\"https:\/\/sdgs.un.org\/goals\" target=\"_blank\" class=\"vc_single_image-wrapper   vc_box_border_grey\"><img loading=\"lazy\" decoding=\"async\" width=\"780\" height=\"625\" src=\"data:image\/svg+xml;charset=utf-8,&lt;svg xmlns%3D&#039;http%3A%2F%2Fwww.w3.org%2F2000%2Fsvg&#039; viewBox%3D&#039;0 0 1024 820&#039;%2F&gt;\" class=\"vc_single_image-img attachment-large ld-lazyload\" alt=\"\" title=\"sdg\" srcset=\"\" sizes=\"auto, (max-width: 780px) 100vw, 780px\" data-src=\"https:\/\/joycecountrygeoparkproject.ie\/wp-content\/uploads\/2024\/02\/sdg-1024x820.jpg\" data-srcset=\"https:\/\/joycecountrygeoparkproject.ie\/wp-content\/uploads\/2024\/02\/sdg-1024x820.jpg 1024w, https:\/\/joycecountrygeoparkproject.ie\/wp-content\/uploads\/2024\/02\/sdg-300x240.jpg 300w, https:\/\/joycecountrygeoparkproject.ie\/wp-content\/uploads\/2024\/02\/sdg-scaled-15x12.jpg 15w\" data-aspect=\"1.2487804878049\" \/><\/a>\n\t\t<\/figure>\n\t<\/div>\n<\/div><\/div><\/div><\/div><\/div><div class=\"vc_row wpb_row vc_inner vc_row-fluid liquid-row-shadowbox-69d5eac7543ea\"><div class=\"wpb_column vc_column_container vc_col-sm-12 liquid-column-69d5eac754544\"><div class=\"vc_column-inner\"><div class=\"wpb_wrapper\"  ><div class=\"wpb_wrapper-inner\"><style>.ld_spacer_69d5eac754595{height:100px;}<\/style>\n<div class=\"ld-empty-space ld_spacer_69d5eac754595\"><span class=\"liquid_empty_space_inner\"><\/span><\/div><\/div><\/div><\/div><\/div><div class=\"wpb_column vc_column_container vc_col-sm-12 text-center liquid-column-69d5eac7546a9\"><div class=\"vc_column-inner\"><div class=\"wpb_wrapper\"  ><div class=\"wpb_wrapper-inner\"><a href=\"http:\/\/www.globalgeopark.org\/\" target=\"_blank\" class=\"btn btn-default btn-bordered border-thin ld_button_69d5eac754737\">\n\t<span>\n\t\t\n\t\t\t\t\t<span class=\"btn-txt\">TUILLEADH EOLAIS AR SHU\u00cdOMH GR\u00c9AS\u00c1IN <br> L\u00cdONRA GEOPH\u00c1IRCEANNA DOMHANDA<\/span>\n\t\t\t\n\t\t\t\t<\/span>\n<\/a>\n<a href=\"http:\/\/www.europeangeoparks.org\/\" target=\"_blank\" class=\"btn btn-default btn-bordered border-thin ld_button_69d5eac754f07\">\n\t<span>\n\t\t\n\t\t\t\t\t<span class=\"btn-txt\">TUILLEADH EOLAIS AR SHU\u00cdOMH GR\u00c9AS\u00c1IN <br> L\u00cdONRA GEOPH\u00c1IRCEANNA NA HEORPA<\/span>\n\t\t\t\n\t\t\t\t<\/span>\n<\/a>\n<\/div><\/div><\/div><\/div><\/div><style>.ld_spacer_69d5eac7553f5{height:100px;}<\/style>\n<div class=\"ld-empty-space ld_spacer_69d5eac7553f5\"><span class=\"liquid_empty_space_inner\"><\/span><\/div><\/div><\/div><\/div><\/div><\/div><\/div><\/section><\/section>\n<\/div>","protected":false},"excerpt":{"rendered":"NETWORKS AND BENEFITS Being a UNESCO Global Geopark means you become part of dynamic networks,...","protected":false},"author":5,"featured_media":4676,"parent":0,"menu_order":0,"comment_status":"closed","ping_status":"closed","template":"","meta":{"footnotes":""},"class_list":["post-5062","page","type-page","status-publish","has-post-thumbnail","hentry"],"yoast_head":"<!-- This site is optimized with the Yoast SEO plugin v24.0 - https:\/\/yoast.com\/wordpress\/plugins\/seo\/ -->\n<title>Geopark Networks &#8212; Joyce Country &amp; Western Lakes Geopark Project<\/title>\n<meta name=\"robots\" content=\"index, follow, max-snippet:-1, max-image-preview:large, max-video-preview:-1\" \/>\n<link rel=\"canonical\" href=\"https:\/\/joycecountrygeoparkproject.ie\/ga\/geopark_networks\/\" \/>\n<meta property=\"og:locale\" content=\"en_US\" \/>\n<meta property=\"og:type\" content=\"article\" \/>\n<meta property=\"og:title\" content=\"Geopark Networks &#8212; Joyce Country &amp; Western Lakes Geopark Project\" \/>\n<meta property=\"og:url\" content=\"https:\/\/joycecountrygeoparkproject.ie\/ga\/geopark_networks\/\" \/>\n<meta property=\"og:site_name\" content=\"Joyce Country &amp; Western Lakes Geopark Project\" \/>\n<meta property=\"article:publisher\" content=\"https:\/\/www.facebook.com\/JCWLGeopark\/\" \/>\n<meta property=\"article:modified_time\" content=\"2024-02-16T16:48:09+00:00\" \/>\n<meta property=\"og:image\" content=\"https:\/\/joycecountrygeoparkproject.ie\/wp-content\/uploads\/2020\/09\/Global-Social-Network-And-Conn-opt.jpg\" \/>\n\t<meta property=\"og:image:width\" content=\"2000\" \/>\n\t<meta property=\"og:image:height\" content=\"1333\" \/>\n\t<meta property=\"og:image:type\" content=\"image\/jpeg\" \/>\n<meta name=\"twitter:card\" content=\"summary_large_image\" \/>\n<meta name=\"twitter:site\" content=\"@JCWLGeopark\" \/>\n<meta name=\"twitter:label1\" content=\"Est. reading time\" \/>\n\t<meta name=\"twitter:data1\" content=\"3 minutes\" \/>\n<script type=\"application\/ld+json\" class=\"yoast-schema-graph\">{\"@context\":\"https:\/\/schema.org\",\"@graph\":[{\"@type\":\"WebPage\",\"@id\":\"https:\/\/joycecountrygeoparkproject.ie\/geopark_networks\/\",\"url\":\"https:\/\/joycecountrygeoparkproject.ie\/geopark_networks\/\",\"name\":\"Geopark Networks &#8212; Joyce Country &amp; Western Lakes Geopark Project\",\"isPartOf\":{\"@id\":\"https:\/\/joycecountrygeoparkproject.ie\/en\/#website\"},\"primaryImageOfPage\":{\"@id\":\"https:\/\/joycecountrygeoparkproject.ie\/geopark_networks\/#primaryimage\"},\"image\":{\"@id\":\"https:\/\/joycecountrygeoparkproject.ie\/geopark_networks\/#primaryimage\"},\"thumbnailUrl\":\"https:\/\/joycecountrygeoparkproject.ie\/wp-content\/uploads\/2020\/09\/Global-Social-Network-And-Conn-opt.jpg\",\"datePublished\":\"2020-10-07T10:19:03+00:00\",\"dateModified\":\"2024-02-16T16:48:09+00:00\",\"breadcrumb\":{\"@id\":\"https:\/\/joycecountrygeoparkproject.ie\/geopark_networks\/#breadcrumb\"},\"inLanguage\":\"ga\",\"potentialAction\":[{\"@type\":\"ReadAction\",\"target\":[\"https:\/\/joycecountrygeoparkproject.ie\/geopark_networks\/\"]}]},{\"@type\":\"ImageObject\",\"inLanguage\":\"ga\",\"@id\":\"https:\/\/joycecountrygeoparkproject.ie\/geopark_networks\/#primaryimage\",\"url\":\"https:\/\/joycecountrygeoparkproject.ie\/wp-content\/uploads\/2020\/09\/Global-Social-Network-And-Conn-opt.jpg\",\"contentUrl\":\"https:\/\/joycecountrygeoparkproject.ie\/wp-content\/uploads\/2020\/09\/Global-Social-Network-And-Conn-opt.jpg\",\"width\":2000,\"height\":1333},{\"@type\":\"BreadcrumbList\",\"@id\":\"https:\/\/joycecountrygeoparkproject.ie\/geopark_networks\/#breadcrumb\",\"itemListElement\":[{\"@type\":\"ListItem\",\"position\":1,\"name\":\"Home\",\"item\":\"https:\/\/joycecountrygeoparkproject.ie\/\"},{\"@type\":\"ListItem\",\"position\":2,\"name\":\"Geopark Networks\"}]},{\"@type\":\"WebSite\",\"@id\":\"https:\/\/joycecountrygeoparkproject.ie\/en\/#website\",\"url\":\"https:\/\/joycecountrygeoparkproject.ie\/en\/\",\"name\":\"Joyce Country And Western Lakes Geopark\",\"description\":\"Working towards a Geopark in the West of Ireland\",\"publisher\":{\"@id\":\"https:\/\/joycecountrygeoparkproject.ie\/en\/#organization\"},\"potentialAction\":[{\"@type\":\"SearchAction\",\"target\":{\"@type\":\"EntryPoint\",\"urlTemplate\":\"https:\/\/joycecountrygeoparkproject.ie\/en\/?s={search_term_string}\"},\"query-input\":{\"@type\":\"PropertyValueSpecification\",\"valueRequired\":true,\"valueName\":\"search_term_string\"}}],\"inLanguage\":\"ga\"},{\"@type\":\"Organization\",\"@id\":\"https:\/\/joycecountrygeoparkproject.ie\/en\/#organization\",\"name\":\"Joyce Country And Western Lakes Geopark\",\"url\":\"https:\/\/joycecountrygeoparkproject.ie\/en\/\",\"logo\":{\"@type\":\"ImageObject\",\"inLanguage\":\"ga\",\"@id\":\"https:\/\/joycecountrygeoparkproject.ie\/en\/#\/schema\/logo\/image\/\",\"url\":\"https:\/\/joycecountrygeoparkproject.ie\/wp-content\/uploads\/2020\/07\/Landscape-logo_colour_resize.svg\",\"contentUrl\":\"https:\/\/joycecountrygeoparkproject.ie\/wp-content\/uploads\/2020\/07\/Landscape-logo_colour_resize.svg\",\"width\":1,\"height\":1,\"caption\":\"Joyce Country And Western Lakes Geopark\"},\"image\":{\"@id\":\"https:\/\/joycecountrygeoparkproject.ie\/en\/#\/schema\/logo\/image\/\"},\"sameAs\":[\"https:\/\/www.facebook.com\/JCWLGeopark\/\",\"https:\/\/x.com\/JCWLGeopark\",\"https:\/\/www.instagram.com\/JCWLGeopark\/\",\"https:\/\/www.youtube.com\/@JCWLGeopark\"]}]}<\/script>\n<!-- \/ Yoast SEO plugin. -->","yoast_head_json":{"title":"Geopark Networks &#8212; Joyce Country &amp; Western Lakes Geopark Project","robots":{"index":"index","follow":"follow","max-snippet":"max-snippet:-1","max-image-preview":"max-image-preview:large","max-video-preview":"max-video-preview:-1"},"canonical":"https:\/\/joycecountrygeoparkproject.ie\/ga\/geopark_networks\/","og_locale":"en_US","og_type":"article","og_title":"Geopark Networks &#8212; Joyce Country &amp; Western Lakes Geopark Project","og_url":"https:\/\/joycecountrygeoparkproject.ie\/ga\/geopark_networks\/","og_site_name":"Joyce Country &amp; Western Lakes Geopark Project","article_publisher":"https:\/\/www.facebook.com\/JCWLGeopark\/","article_modified_time":"2024-02-16T16:48:09+00:00","og_image":[{"width":2000,"height":1333,"url":"https:\/\/joycecountrygeoparkproject.ie\/wp-content\/uploads\/2020\/09\/Global-Social-Network-And-Conn-opt.jpg","type":"image\/jpeg"}],"twitter_card":"summary_large_image","twitter_site":"@JCWLGeopark","twitter_misc":{"Est. reading time":"3 minutes"},"schema":{"@context":"https:\/\/schema.org","@graph":[{"@type":"WebPage","@id":"https:\/\/joycecountrygeoparkproject.ie\/geopark_networks\/","url":"https:\/\/joycecountrygeoparkproject.ie\/geopark_networks\/","name":"Geopark Networks &#8212; Joyce Country &amp; Western Lakes Geopark Project","isPartOf":{"@id":"https:\/\/joycecountrygeoparkproject.ie\/en\/#website"},"primaryImageOfPage":{"@id":"https:\/\/joycecountrygeoparkproject.ie\/geopark_networks\/#primaryimage"},"image":{"@id":"https:\/\/joycecountrygeoparkproject.ie\/geopark_networks\/#primaryimage"},"thumbnailUrl":"https:\/\/joycecountrygeoparkproject.ie\/wp-content\/uploads\/2020\/09\/Global-Social-Network-And-Conn-opt.jpg","datePublished":"2020-10-07T10:19:03+00:00","dateModified":"2024-02-16T16:48:09+00:00","breadcrumb":{"@id":"https:\/\/joycecountrygeoparkproject.ie\/geopark_networks\/#breadcrumb"},"inLanguage":"ga","potentialAction":[{"@type":"ReadAction","target":["https:\/\/joycecountrygeoparkproject.ie\/geopark_networks\/"]}]},{"@type":"ImageObject","inLanguage":"ga","@id":"https:\/\/joycecountrygeoparkproject.ie\/geopark_networks\/#primaryimage","url":"https:\/\/joycecountrygeoparkproject.ie\/wp-content\/uploads\/2020\/09\/Global-Social-Network-And-Conn-opt.jpg","contentUrl":"https:\/\/joycecountrygeoparkproject.ie\/wp-content\/uploads\/2020\/09\/Global-Social-Network-And-Conn-opt.jpg","width":2000,"height":1333},{"@type":"BreadcrumbList","@id":"https:\/\/joycecountrygeoparkproject.ie\/geopark_networks\/#breadcrumb","itemListElement":[{"@type":"ListItem","position":1,"name":"Home","item":"https:\/\/joycecountrygeoparkproject.ie\/"},{"@type":"ListItem","position":2,"name":"Geopark Networks"}]},{"@type":"WebSite","@id":"https:\/\/joycecountrygeoparkproject.ie\/en\/#website","url":"https:\/\/joycecountrygeoparkproject.ie\/en\/","name":"Joyce Country And Western Lakes Geopark","description":"Working towards a Geopark in the West of Ireland","publisher":{"@id":"https:\/\/joycecountrygeoparkproject.ie\/en\/#organization"},"potentialAction":[{"@type":"SearchAction","target":{"@type":"EntryPoint","urlTemplate":"https:\/\/joycecountrygeoparkproject.ie\/en\/?s={search_term_string}"},"query-input":{"@type":"PropertyValueSpecification","valueRequired":true,"valueName":"search_term_string"}}],"inLanguage":"ga"},{"@type":"Organization","@id":"https:\/\/joycecountrygeoparkproject.ie\/en\/#organization","name":"Joyce Country And Western Lakes Geopark","url":"https:\/\/joycecountrygeoparkproject.ie\/en\/","logo":{"@type":"ImageObject","inLanguage":"ga","@id":"https:\/\/joycecountrygeoparkproject.ie\/en\/#\/schema\/logo\/image\/","url":"https:\/\/joycecountrygeoparkproject.ie\/wp-content\/uploads\/2020\/07\/Landscape-logo_colour_resize.svg","contentUrl":"https:\/\/joycecountrygeoparkproject.ie\/wp-content\/uploads\/2020\/07\/Landscape-logo_colour_resize.svg","width":1,"height":1,"caption":"Joyce Country And Western Lakes Geopark"},"image":{"@id":"https:\/\/joycecountrygeoparkproject.ie\/en\/#\/schema\/logo\/image\/"},"sameAs":["https:\/\/www.facebook.com\/JCWLGeopark\/","https:\/\/x.com\/JCWLGeopark","https:\/\/www.instagram.com\/JCWLGeopark\/","https:\/\/www.youtube.com\/@JCWLGeopark"]}]}},"_links":{"self":[{"href":"https:\/\/joycecountrygeoparkproject.ie\/ga\/wp-json\/wp\/v2\/pages\/5062","targetHints":{"allow":["GET"]}}],"collection":[{"href":"https:\/\/joycecountrygeoparkproject.ie\/ga\/wp-json\/wp\/v2\/pages"}],"about":[{"href":"https:\/\/joycecountrygeoparkproject.ie\/ga\/wp-json\/wp\/v2\/types\/page"}],"author":[{"embeddable":true,"href":"https:\/\/joycecountrygeoparkproject.ie\/ga\/wp-json\/wp\/v2\/users\/5"}],"replies":[{"embeddable":true,"href":"https:\/\/joycecountrygeoparkproject.ie\/ga\/wp-json\/wp\/v2\/comments?post=5062"}],"version-history":[{"count":20,"href":"https:\/\/joycecountrygeoparkproject.ie\/ga\/wp-json\/wp\/v2\/pages\/5062\/revisions"}],"predecessor-version":[{"id":7065,"href":"https:\/\/joycecountrygeoparkproject.ie\/ga\/wp-json\/wp\/v2\/pages\/5062\/revisions\/7065"}],"wp:featuredmedia":[{"embeddable":true,"href":"https:\/\/joycecountrygeoparkproject.ie\/ga\/wp-json\/wp\/v2\/media\/4676"}],"wp:attachment":[{"href":"https:\/\/joycecountrygeoparkproject.ie\/ga\/wp-json\/wp\/v2\/media?parent=5062"}],"curies":[{"name":"wp","href":"https:\/\/api.w.org\/{rel}","templated":true}]}}