{"id":5263,"date":"2020-10-07T11:30:51","date_gmt":"2020-10-07T11:30:51","guid":{"rendered":"https:\/\/joycecountrygeoparkproject.ie\/?page_id=5263"},"modified":"2022-07-13T16:02:48","modified_gmt":"2022-07-13T16:02:48","slug":"arts-and-crafts","status":"publish","type":"page","link":"https:\/\/joycecountrygeoparkproject.ie\/ga\/arts-and-crafts\/","title":{"rendered":"Eala\u00edona agus Lamhchearda\u00edocht"},"content":{"rendered":"<div class=\"wpb-content-wrapper\"><section class=\"vc_section\"><section class=\"vc_row wpb_row vc_row-fluid vc_custom_1597317250453 row-contains-padding-top row-contains-padding-bottom liquid-row-shadowbox-69f04c8f4da3e\"><div class=\"ld-container container\"><div class=\"row ld-row\"><div class=\"wpb_column vc_column_container vc_col-sm-12 liquid-column-69f04c8f4db80\"><div class=\"vc_column-inner\"><div class=\"wpb_wrapper\"   ><div class=\"wpb_wrapper-inner\"><div data-custom-animations=\"true\" data-ca-options='{\"triggerHandler\":\"inview\",\"animationTarget\":\".wpb_column\",\"duration\":700,\"delay\":100,\"easing\":\"easeOutQuint\",\"direction\":\"forward\",\"initValues\":[],\"animations\":[]}' class=\"vc_row wpb_row vc_inner vc_row-fluid vc_custom_1600773241033 liquid-row-shadowbox-69f04c8f4dcac vc_column-gap-35 vc_row-o-equal-height vc_row-o-content-middle vc_row-flex\"><div class=\"wpb_column vc_column_container vc_col-sm-6 liquid-column-69f04c8f4dde0\"><div class=\"vc_column-inner\"><div class=\"wpb_wrapper\"  ><div class=\"wpb_wrapper-inner\">\n\t<div class=\"wpb_text_column wpb_content_element\" >\n\t\t<div class=\"wpb_wrapper\">\n\t\t\t<h2>\u00c1 SPREAGADH AG \u00c1R dT\u00cdRDHREACH<\/h2>\n\n\t\t<\/div>\n\t<\/div>\n<style>.ld_spacer_69f04c8f4dead{height:100px;}<\/style>\n<div class=\"ld-empty-space ld_spacer_69f04c8f4dead\"><span class=\"liquid_empty_space_inner\"><\/span><\/div>\n\t<div class=\"wpb_text_column wpb_content_element\" >\n\t\t<div class=\"wpb_wrapper\">\n\t\t\t<p class=\"western\" lang=\"en-IE\">Maidir leis na daoine a chuaigh i bhfeidhm ar an t\u00edrdhreach agus a acmhainn\u00ed, mianach agus bitheola\u00edoch araon, t\u00e1 forbairt d\u00e9anta ar chleachta\u00ed, scileanna agus cearda\u00edochta\u00ed at\u00e1 nasctha lena gcult\u00far agus leis an t\u00edrdhreach. D\u00e9antar tagairt do na gn\u00e9ithe seo mar bh\u00e9aloideas \u00e1iti\u00fail, cearda\u00edocht, st\u00edl ceoil n\u00f3 blasanna, dreacha agus focl\u00f3ir ar leith n\u00f3 fi\u00fa can\u00faint\u00ed sna teangacha n\u00e1isi\u00fanta. Is f\u00e9idir \u00e9 sin a fheice\u00e1il agus traidisi\u00fan \u00e1iti\u00fail ag lean\u00faint ar aghaidh \u00f3 ghl\u00fain go gl\u00fain agus athshamhla\u00edtear \u00e9 ag na pobail \u00e1iti\u00fala mar fhreagra ar a dtimpeallacht, a idirghn\u00edomha\u00edocht le n\u00e1d\u00far agus lena stair. Cuireann siad f\u00e9ini\u00falacht ar f\u00e1il do dhaoine mar aon le nasc leis an \u00e1it agus lean\u00fanachas, rud a chotha\u00edonn meas d\u2019\u00e9ags\u00falacht chult\u00fartha agus do chruthaitheacht dhaonna.<\/p>\n\n\t\t<\/div>\n\t<\/div>\n<\/div><\/div><\/div><\/div><div class=\"wpb_column vc_column_container vc_col-sm-6 liquid-column-69f04c8f4dff5\"><div class=\"vc_column-inner\"><div class=\"wpb_wrapper\"  ><div class=\"wpb_wrapper-inner\">\n<div class=\"vc_grid-container-wrapper vc_clearfix vc_grid-animation-fadeIn\">\n\t<div class=\"vc_grid-container vc_clearfix wpb_content_element vc_media_grid\" data-initial-loading-animation=\"fadeIn\" data-vc-grid-settings=\"{&quot;page_id&quot;:5263,&quot;style&quot;:&quot;all&quot;,&quot;action&quot;:&quot;vc_get_vc_grid_data&quot;,&quot;shortcode_id&quot;:&quot;1657728135797-44493ced-395c-7&quot;,&quot;tag&quot;:&quot;vc_media_grid&quot;}\" data-vc-request=\"https:\/\/joycecountrygeoparkproject.ie\/wp-admin\/admin-ajax.php\" data-vc-post-id=\"5263\" data-vc-public-nonce=\"d18649927f\">\n\t\t\n\t<\/div>\n<\/div><\/div><\/div><\/div><\/div><\/div><\/div><\/div><\/div><\/div><\/div><\/div><\/section><section class=\"vc_row wpb_row vc_row-fluid liquid-row-shadowbox-69f04c8f4e308\"><div class=\"ld-container container\"><div class=\"row ld-row\"><div class=\"wpb_column vc_column_container vc_col-sm-6 liquid-column-69f04c8f4e436\"><div class=\"vc_column-inner\"><div class=\"wpb_wrapper\"   ><div class=\"wpb_wrapper-inner\">\n<div class=\"vc_grid-container-wrapper vc_clearfix vc_grid-animation-fadeIn\">\n\t<div class=\"vc_grid-container vc_clearfix wpb_content_element vc_media_grid\" data-initial-loading-animation=\"fadeIn\" data-vc-grid-settings=\"{&quot;page_id&quot;:5263,&quot;style&quot;:&quot;all&quot;,&quot;action&quot;:&quot;vc_get_vc_grid_data&quot;,&quot;shortcode_id&quot;:&quot;1657728135800-6157c64c-70fa-4&quot;,&quot;tag&quot;:&quot;vc_media_grid&quot;}\" data-vc-request=\"https:\/\/joycecountrygeoparkproject.ie\/wp-admin\/admin-ajax.php\" data-vc-post-id=\"5263\" data-vc-public-nonce=\"d18649927f\">\n\t\t\n\t<\/div>\n<\/div><\/div><\/div><\/div><\/div><div class=\"wpb_column vc_column_container vc_col-sm-6 liquid-column-69f04c8f4e5f7\"><div class=\"vc_column-inner\"><div class=\"wpb_wrapper\"   ><div class=\"wpb_wrapper-inner\">\n\t<div class=\"wpb_text_column wpb_content_element\" >\n\t\t<div class=\"wpb_wrapper\">\n\t\t\t<p class=\" translation-block\">T\u00e1 tr\u00ed ghn\u00e9 oidhreachta cult\u00fartha inscr\u00edofa ar  <a href=\"https:\/\/ich.unesco.org\/\" target=\"_self\" rel=\"noopener\">liosta EOECNA d\u2019oidhreacht Chult\u00fartha dol\u00e1imhsithe<\/a> d\u2019\u00c9irinn. Is iad sin sp\u00f3rt traidisi\u00fanta na h\u00c9ireann, iom\u00e1na\u00edocht, agus t\u00f3g\u00e1il agus cleachtadh dh\u00e1 uirlis cheoil: an Chl\u00e1irseach agus an p\u00edb Uilleann. Astu seo, d\u00e9antar an Chl\u00e1irseach a theagasc sa cheantar le linn fh\u00e9ile <a href=\"https:\/\/www.ceolnalocha.com\/\" target=\"_self\" rel=\"noopener\">Cheol na Locha<\/a> i d<a href=\"https:\/\/joycecountrygeoparkproject.ie\/attractions\/tourmakeady-tuar-mhic-eadaigh\/\" target=\"_self\">Tuar Mhic \u00c9adaigh<\/a> gach samhradh. Is f\u00e9idir ceolt\u00f3ir\u00ed eile a chleachtann an chl\u00e1irseach n\u00f3 an p\u00edb uilleann a chloiste\u00e1il go rialta ag na seisi\u00fain cheoil sna hionaid \u00e1iti\u00fala. Is cuid th\u00e1bhachtach \u00ed an iom\u00e1na\u00edocht de shaol cult\u00fartha agus sp\u00f3irt Chontae na Gaillimhe, c\u00e9 go bhfuil n\u00edos m\u00f3 \u00e9ilimh ar an bPeil Ghaelach sa cheantar. T\u00e1 an iliomad c\u00fairteanna liathr\u00f3ide l\u00e1imhe sa cheantar freisin.<\/p>\n<p class=\"western translation-block\" lang=\"en-IE\">Bhunaigh an Roinn Tith\u00edochta, Rialtais \u00c1iti\u00fail agus Oidhreachta <a href=\"https:\/\/nationalinventoryich.chg.gov.ie\/\" target=\"_self\" rel=\"noopener\">Fardal n\u00e1isi\u00fanta d\u2019Oidhreacht Chult\u00fartha Dol\u00e1imhsithe<\/a> i 2019. Inniu t\u00e1 f\u00e1il ar 38 ghn\u00e9 oidhreachta cult\u00fartha san fhardal seo. Orthu sin t\u00e1 cearda\u00edocht agus cleachta\u00ed \u00e1iti\u00fala cos\u00fail le d\u00e9ant\u00fas l\u00e1sa \u00c1th Cinn (at\u00e1 curtha chun cinn ag an <a href=\"http:\/\/www.headfordlaceproject.ie\/\" target=\"_self\" rel=\"noopener\">Tionscadal L\u00e1sa \u00c1th Cinn<\/a> at\u00e1 bunaithe i gContae na Gaillimhe sa r\u00e9igi\u00fan geoph\u00e1irce) d\u00e9ant\u00fas cise\u00e1n, eala\u00edn agus cleachtadh seabhc\u00f3ireachta, feirmeoireacht chaorach agus oili\u00faint mhadra caorach, beachaireacht, ceol traidisi\u00fanta agus t\u00f3g\u00e1il cloch shingil.<\/p>\n<p class=\"western translation-block\" lang=\"en-IE\">T\u00e1 gn\u00e9ithe den oidhreacht dhol\u00e1imhsithe f\u00f3s beo in\u00e1r r\u00e9igi\u00fan geoph\u00e1irce. B\u00edonn baint ag \u00e1r gceardaithe \u00e1iti\u00fala le d\u00e9ant\u00fas cise\u00e1n traidisi\u00fanta agus saileacha a fh\u00e1sann go h\u00e1iti\u00fail in \u00fas\u00e1id (<a href=\"https:\/\/www.joehoganbaskets.com\/\" target=\"_self\" rel=\"noopener\">Hogan Baskets<\/a>), madra\u00ed caorach \u00e1 bp\u00f3r\u00fa agus \u00e1 n-oili\u00faint chun feirmeoireacht sl\u00e9ibhe traidisi\u00fanta a dh\u00e9anamh (<a href=\"https:\/\/joycecountrysheepdogs.business.site\/\" target=\"_self\" rel=\"noopener\">Joyce Country Sheepdogs<\/a>, <a href=\"https:\/\/killarysheepfarm.com\/\" target=\"_self\" rel=\"noopener\">Killary Sheep Farm<\/a>, <a href=\"https:\/\/www.connemarahilllamb.ie\/\" target=\"_self\" rel=\"noopener\">Uain Shl\u00e9ibhe Chonamara<\/a> agus <a href=\"http:\/\/www.connemaramountainlamb.ie\/\" target=\"_self\" rel=\"noopener\">Connemara Mountain Lamb<\/a>), olann a phr\u00f3ise\u00e1il agus a dhath\u00fa a th\u00e1irgeann na caora \u00e1iti\u00fala agus arna dhath\u00fa le planda\u00ed \u00e1iti\u00fala (<a href=\"https:\/\/www.joycecountrywool.ie\/\" target=\"_self\" rel=\"noopener\">Joyce Country Wool<\/a>), agus d\u00e9ant\u00fas bl\u00e1thanna fi\u00e1ine a \u00fas\u00e1id agus t\u00e1irg\u00ed \u00e1iti\u00fala sna bialanna chun blas \u00f3n t\u00edrdhreach a chur ar f\u00e1il.<\/p>\n\n\t\t<\/div>\n\t<\/div>\n<style>.ld_spacer_69f04c8f4e6ba{height:100px;}<\/style>\n<div class=\"ld-empty-space ld_spacer_69f04c8f4e6ba\"><span class=\"liquid_empty_space_inner\"><\/span><\/div><\/div><\/div><\/div><\/div><\/div><\/div><\/section><section class=\"vc_row wpb_row vc_row-fluid liquid-row-shadowbox-69f04c8f4e786\"><div class=\"ld-container container\"><div class=\"row ld-row\"><div class=\"wpb_column vc_column_container vc_col-sm-6 liquid-column-69f04c8f4e89e\"><div class=\"vc_column-inner\"><div class=\"wpb_wrapper\"   ><div class=\"wpb_wrapper-inner\">\n\t<div class=\"wpb_text_column wpb_content_element\" >\n\t\t<div class=\"wpb_wrapper\">\n\t\t\t<p class=\" translation-block\">Chuaigh \u00e1illeacht n\u00e1d\u00fartha \u00e1r dt\u00edrdhreach i bhfeidhm ar eala\u00edont\u00f3ir\u00ed leis na c\u00e9adta bliain anuas. Tugadh spreagadh d\u2019fhil\u00ed leis na soilse agus an aimsir a bh\u00edonn ag s\u00edorathr\u00fa (Wittgenstein, George Moore, Oscar Wilde agus go leor eile), agus d\u2019eala\u00edont\u00f3ir\u00ed agus do ghrianghrafad\u00f3ir\u00ed a thugann leo an moth\u00fach\u00e1n a fuair siad agus ar deireadh d\u00e9ant\u00f3ir\u00ed scann\u00e1n a bhuana\u00edonn in\u00e1r gcuimhne an r\u00e9igi\u00fan i scann\u00e1in ar n\u00f3s <a href=\"https:\/\/youtu.be\/2kimSAyuIYc\" target=\"_self\" rel=\"noopener\">The Quiet Man<\/a> agus <a href=\"https:\/\/youtu.be\/6OaJCEIBU4w\" target=\"_self\" rel=\"noopener\">The Field<\/a>.<\/p>\n\n\t\t<\/div>\n\t<\/div>\n<\/div><\/div><\/div><\/div><div class=\"wpb_column vc_column_container vc_col-sm-6 liquid-column-69f04c8f4e9dc\"><div class=\"vc_column-inner\"><div class=\"wpb_wrapper\"   ><div class=\"wpb_wrapper-inner\">\n\t<div  class=\"wpb_single_image wpb_content_element vc_align_left  liquid_vc_single_image-69f04c8f5d805\">\n\t\t\n\t\t<figure class=\"wpb_wrapper vc_figure\">\n\t\t\t<div class=\"vc_single_image-wrapper   vc_box_border_grey\"><img loading=\"lazy\" decoding=\"async\" width=\"780\" height=\"566\" src=\"data:image\/svg+xml;charset=utf-8,&lt;svg xmlns%3D&#039;http%3A%2F%2Fwww.w3.org%2F2000%2Fsvg&#039; viewBox%3D&#039;0 0 1024 743&#039;%2F&gt;\" class=\"vc_single_image-img attachment-large ld-lazyload\" alt=\"\" title=\"Kirk Island_lCorrib_1839\" srcset=\"\" sizes=\"auto, (max-width: 780px) 100vw, 780px\" data-src=\"https:\/\/joycecountrygeoparkproject.ie\/wp-content\/uploads\/2021\/11\/Kirk-Island_lCorrib_1839-1024x743.jpg\" data-srcset=\"https:\/\/joycecountrygeoparkproject.ie\/wp-content\/uploads\/2021\/11\/Kirk-Island_lCorrib_1839-1024x743.jpg 1024w, https:\/\/joycecountrygeoparkproject.ie\/wp-content\/uploads\/2021\/11\/Kirk-Island_lCorrib_1839-300x218.jpg 300w, https:\/\/joycecountrygeoparkproject.ie\/wp-content\/uploads\/2021\/11\/Kirk-Island_lCorrib_1839-16x12.jpg 16w, https:\/\/joycecountrygeoparkproject.ie\/wp-content\/uploads\/2021\/11\/Kirk-Island_lCorrib_1839.jpg 1552w\" data-aspect=\"1.3781965006729\" \/><\/div>\n\t\t<\/figure>\n\t<\/div>\n<style>.ld_spacer_69f04c8f5d847{height:50px;}<\/style>\n<div class=\"ld-empty-space ld_spacer_69f04c8f5d847\"><span class=\"liquid_empty_space_inner\"><\/span><\/div><\/div><\/div><\/div><\/div><\/div><\/div><\/section><section class=\"vc_row wpb_row vc_row-fluid liquid-row-shadowbox-69f04c8f5d96c\"><div class=\"ld-container container\"><div class=\"row ld-row\"><div class=\"wpb_column vc_column_container vc_col-sm-12 liquid-column-69f04c8f5dba8\"><div class=\"vc_column-inner\"><div class=\"wpb_wrapper\"   ><div class=\"wpb_wrapper-inner\">\n\t<div class=\"wpb_text_column wpb_content_element\" >\n\t\t<div class=\"wpb_wrapper\">\n\t\t\t<p>As part of our June 2021 conference, two workshops were produced about &#8216;Local Songs and Tunes&#8217; and &#8216;Traditional Craft and Modern Art&#8217; in our region, showing how the natural beauty of our landscape has inspired things such as songs and how local craftsmen use the local resources to create their products.<\/p>\n<p>The &#8216;Local Songs and Tunes&#8217; workshop features the singer and accordion player Mary Staunton who introduces the video which showcases local musicians, singers and composers. The video also features Sheona N\u00ed Mh\u00e1ille singing and talking to Barbara Philbin in her <a href=\"https:\/\/mairelukes.ie\/\">Maire Luke\u2019s<\/a> pub about the local music culture. It also showcases a new song from Barney McCabe on both Loughs Mask and Corrib and another from Philip Doddy on Lough Carra. Watch the workshop by clicking <a href=\"https:\/\/www.youtube.com\/watch?v=oH2j8D7hqnk&amp;t=1s\"><strong>anseo<\/strong><\/a>.<\/p>\n\n\t\t<\/div>\n\t<\/div>\n\n\t<div class=\"wpb_video_widget wpb_content_element vc_clearfix   vc_video-aspect-ratio-169 vc_video-el-width-50 vc_video-align-center\" >\n\t\t<div class=\"wpb_wrapper\">\n\t\t\t\n\t\t\t<div class=\"wpb_video_wrapper\"><iframe loading=\"lazy\" title=\"Local Songs and Tunes\" width=\"500\" height=\"281\" src=\"https:\/\/www.youtube.com\/embed\/oH2j8D7hqnk?start=1&feature=oembed\" frameborder=\"0\" allow=\"accelerometer; autoplay; clipboard-write; encrypted-media; gyroscope; picture-in-picture; web-share\" referrerpolicy=\"strict-origin-when-cross-origin\" allowfullscreen><\/iframe><\/div>\n\t\t<\/div>\n\t<\/div>\n\n\t<div class=\"wpb_text_column wpb_content_element\" >\n\t\t<div class=\"wpb_wrapper\">\n\t\t\t<p>The &#8216;Traditional Craft and Modern Art&#8217; workshop features Clodagh Doyle, Keeper of the Irish Folklife Division based at the\u00a0<a href=\"https:\/\/www.museum.ie\/en-IE\/Museums\/Country-Life\">National Museum of Ireland Country Life<\/a> at Turlough House, Co. Mayo, who introduces the video exploring modern production of traditional crafts in the region. The video also features Joe Hogan of <a href=\"https:\/\/www.joehoganbaskets.com\/\">Hogan Baskets<\/a>\u00a0and Carina Coyne of\u00a0<a href=\"https:\/\/www.joycecountrywool.ie\/\">Joyce Country Wool<\/a> both from the Lough Nafooey area, Cl\u00e9mence Guiraut of <a href=\"https:\/\/coolinsoaps.com\/\">Coolin Soaps<\/a>\u00a0in the Clonbur area and Ester Kiely and Ger Hassett of the\u00a0<a href=\"http:\/\/www.headfordlaceproject.ie\/\">Headford Lace Project<\/a>. Watch the workshop by clicking <a href=\"https:\/\/www.youtube.com\/watch?v=E-RM0HeLROc&amp;t=1s\"><strong>anseo<\/strong><\/a>.<\/p>\n\n\t\t<\/div>\n\t<\/div>\n<style>.ld_spacer_69f04c8f5e13b{height:50px;}<\/style>\n<div class=\"ld-empty-space ld_spacer_69f04c8f5e13b\"><span class=\"liquid_empty_space_inner\"><\/span><\/div>\n\t<div class=\"wpb_video_widget wpb_content_element vc_clearfix   vc_video-aspect-ratio-169 vc_video-el-width-50 vc_video-align-center\" >\n\t\t<div class=\"wpb_wrapper\">\n\t\t\t\n\t\t\t<div class=\"wpb_video_wrapper\"><iframe loading=\"lazy\" title=\"Traditional Craft and Modern Art\" width=\"500\" height=\"281\" src=\"https:\/\/www.youtube.com\/embed\/E-RM0HeLROc?start=1&feature=oembed\" frameborder=\"0\" allow=\"accelerometer; autoplay; clipboard-write; encrypted-media; gyroscope; picture-in-picture; web-share\" referrerpolicy=\"strict-origin-when-cross-origin\" allowfullscreen><\/iframe><\/div>\n\t\t<\/div>\n\t<\/div>\n<\/div><\/div><\/div><\/div><\/div><\/div><\/section><\/section><section class=\"vc_row wpb_row vc_row-fluid liquid-row-shadowbox-69f04c8f5e4cb\"><div class=\"ld-container container\"><div class=\"row ld-row\"><div class=\"wpb_column vc_column_container vc_col-sm-12 liquid-column-69f04c8f5e5bf\"><div class=\"vc_column-inner\"><div class=\"wpb_wrapper\"   ><div class=\"wpb_wrapper-inner\"><style>.ld_spacer_69f04c8f5e61d{height:64px;}<\/style>\n<div class=\"ld-empty-space ld_spacer_69f04c8f5e61d\"><span class=\"liquid_empty_space_inner\"><\/span><\/div><\/div><\/div><\/div><\/div><\/div><\/div><\/section>\n<\/div>","protected":false},"excerpt":{"rendered":"INSPIRED BY OUR LANDSCAPE The people who interacted with the landscape and its resources, both...","protected":false},"author":3,"featured_media":5269,"parent":0,"menu_order":0,"comment_status":"closed","ping_status":"closed","template":"","meta":{"footnotes":""},"class_list":["post-5263","page","type-page","status-publish","has-post-thumbnail","hentry"],"yoast_head":"<!-- This site is optimized with the Yoast SEO plugin v24.0 - https:\/\/yoast.com\/wordpress\/plugins\/seo\/ -->\n<title>Arts and Crafts &#8212; Joyce Country &amp; Western Lakes Geopark Project<\/title>\n<meta name=\"robots\" content=\"index, follow, max-snippet:-1, max-image-preview:large, max-video-preview:-1\" \/>\n<link rel=\"canonical\" href=\"https:\/\/joycecountrygeoparkproject.ie\/ga\/arts-and-crafts\/\" \/>\n<meta property=\"og:locale\" content=\"en_US\" \/>\n<meta property=\"og:type\" content=\"article\" \/>\n<meta property=\"og:title\" content=\"Arts and Crafts &#8212; Joyce Country &amp; Western Lakes Geopark Project\" \/>\n<meta property=\"og:url\" content=\"https:\/\/joycecountrygeoparkproject.ie\/ga\/arts-and-crafts\/\" \/>\n<meta property=\"og:site_name\" content=\"Joyce Country &amp; Western Lakes Geopark Project\" \/>\n<meta property=\"article:publisher\" content=\"https:\/\/www.facebook.com\/JCWLGeopark\/\" \/>\n<meta property=\"article:modified_time\" content=\"2022-07-13T16:02:48+00:00\" \/>\n<meta property=\"og:image\" content=\"https:\/\/joycecountrygeoparkproject.ie\/wp-content\/uploads\/2020\/10\/Deirdre-en-plein-air.png\" \/>\n\t<meta property=\"og:image:width\" content=\"1920\" \/>\n\t<meta property=\"og:image:height\" content=\"984\" \/>\n\t<meta property=\"og:image:type\" content=\"image\/png\" \/>\n<meta name=\"twitter:card\" content=\"summary_large_image\" \/>\n<meta name=\"twitter:site\" content=\"@JCWLGeopark\" \/>\n<meta name=\"twitter:label1\" content=\"Est. reading time\" \/>\n\t<meta name=\"twitter:data1\" content=\"4 minutes\" \/>\n<script type=\"application\/ld+json\" class=\"yoast-schema-graph\">{\"@context\":\"https:\/\/schema.org\",\"@graph\":[{\"@type\":\"WebPage\",\"@id\":\"https:\/\/joycecountrygeoparkproject.ie\/arts-and-crafts\/\",\"url\":\"https:\/\/joycecountrygeoparkproject.ie\/arts-and-crafts\/\",\"name\":\"Arts and Crafts &#8212; Joyce Country &amp; Western Lakes Geopark Project\",\"isPartOf\":{\"@id\":\"https:\/\/joycecountrygeoparkproject.ie\/en\/#website\"},\"primaryImageOfPage\":{\"@id\":\"https:\/\/joycecountrygeoparkproject.ie\/arts-and-crafts\/#primaryimage\"},\"image\":{\"@id\":\"https:\/\/joycecountrygeoparkproject.ie\/arts-and-crafts\/#primaryimage\"},\"thumbnailUrl\":\"https:\/\/joycecountrygeoparkproject.ie\/wp-content\/uploads\/2020\/10\/Deirdre-en-plein-air.png\",\"datePublished\":\"2020-10-07T11:30:51+00:00\",\"dateModified\":\"2022-07-13T16:02:48+00:00\",\"breadcrumb\":{\"@id\":\"https:\/\/joycecountrygeoparkproject.ie\/arts-and-crafts\/#breadcrumb\"},\"inLanguage\":\"ga\",\"potentialAction\":[{\"@type\":\"ReadAction\",\"target\":[\"https:\/\/joycecountrygeoparkproject.ie\/arts-and-crafts\/\"]}]},{\"@type\":\"ImageObject\",\"inLanguage\":\"ga\",\"@id\":\"https:\/\/joycecountrygeoparkproject.ie\/arts-and-crafts\/#primaryimage\",\"url\":\"https:\/\/joycecountrygeoparkproject.ie\/wp-content\/uploads\/2020\/10\/Deirdre-en-plein-air.png\",\"contentUrl\":\"https:\/\/joycecountrygeoparkproject.ie\/wp-content\/uploads\/2020\/10\/Deirdre-en-plein-air.png\",\"width\":1920,\"height\":984,\"caption\":\"Outdoor painting workshop Lough Carra\"},{\"@type\":\"BreadcrumbList\",\"@id\":\"https:\/\/joycecountrygeoparkproject.ie\/arts-and-crafts\/#breadcrumb\",\"itemListElement\":[{\"@type\":\"ListItem\",\"position\":1,\"name\":\"Home\",\"item\":\"https:\/\/joycecountrygeoparkproject.ie\/\"},{\"@type\":\"ListItem\",\"position\":2,\"name\":\"Arts and Crafts\"}]},{\"@type\":\"WebSite\",\"@id\":\"https:\/\/joycecountrygeoparkproject.ie\/en\/#website\",\"url\":\"https:\/\/joycecountrygeoparkproject.ie\/en\/\",\"name\":\"Joyce Country And Western Lakes Geopark\",\"description\":\"Working towards a Geopark in the West of Ireland\",\"publisher\":{\"@id\":\"https:\/\/joycecountrygeoparkproject.ie\/en\/#organization\"},\"potentialAction\":[{\"@type\":\"SearchAction\",\"target\":{\"@type\":\"EntryPoint\",\"urlTemplate\":\"https:\/\/joycecountrygeoparkproject.ie\/en\/?s={search_term_string}\"},\"query-input\":{\"@type\":\"PropertyValueSpecification\",\"valueRequired\":true,\"valueName\":\"search_term_string\"}}],\"inLanguage\":\"ga\"},{\"@type\":\"Organization\",\"@id\":\"https:\/\/joycecountrygeoparkproject.ie\/en\/#organization\",\"name\":\"Joyce Country And Western Lakes Geopark\",\"url\":\"https:\/\/joycecountrygeoparkproject.ie\/en\/\",\"logo\":{\"@type\":\"ImageObject\",\"inLanguage\":\"ga\",\"@id\":\"https:\/\/joycecountrygeoparkproject.ie\/en\/#\/schema\/logo\/image\/\",\"url\":\"https:\/\/joycecountrygeoparkproject.ie\/wp-content\/uploads\/2020\/07\/Landscape-logo_colour_resize.svg\",\"contentUrl\":\"https:\/\/joycecountrygeoparkproject.ie\/wp-content\/uploads\/2020\/07\/Landscape-logo_colour_resize.svg\",\"width\":1,\"height\":1,\"caption\":\"Joyce Country And Western Lakes Geopark\"},\"image\":{\"@id\":\"https:\/\/joycecountrygeoparkproject.ie\/en\/#\/schema\/logo\/image\/\"},\"sameAs\":[\"https:\/\/www.facebook.com\/JCWLGeopark\/\",\"https:\/\/x.com\/JCWLGeopark\",\"https:\/\/www.instagram.com\/JCWLGeopark\/\",\"https:\/\/www.youtube.com\/@JCWLGeopark\"]}]}<\/script>\n<!-- \/ Yoast SEO plugin. -->","yoast_head_json":{"title":"Arts and Crafts &#8212; Joyce Country &amp; Western Lakes Geopark Project","robots":{"index":"index","follow":"follow","max-snippet":"max-snippet:-1","max-image-preview":"max-image-preview:large","max-video-preview":"max-video-preview:-1"},"canonical":"https:\/\/joycecountrygeoparkproject.ie\/ga\/arts-and-crafts\/","og_locale":"en_US","og_type":"article","og_title":"Arts and Crafts &#8212; Joyce Country &amp; Western Lakes Geopark Project","og_url":"https:\/\/joycecountrygeoparkproject.ie\/ga\/arts-and-crafts\/","og_site_name":"Joyce Country &amp; Western Lakes Geopark Project","article_publisher":"https:\/\/www.facebook.com\/JCWLGeopark\/","article_modified_time":"2022-07-13T16:02:48+00:00","og_image":[{"width":1920,"height":984,"url":"https:\/\/joycecountrygeoparkproject.ie\/wp-content\/uploads\/2020\/10\/Deirdre-en-plein-air.png","type":"image\/png"}],"twitter_card":"summary_large_image","twitter_site":"@JCWLGeopark","twitter_misc":{"Est. reading time":"4 minutes"},"schema":{"@context":"https:\/\/schema.org","@graph":[{"@type":"WebPage","@id":"https:\/\/joycecountrygeoparkproject.ie\/arts-and-crafts\/","url":"https:\/\/joycecountrygeoparkproject.ie\/arts-and-crafts\/","name":"Arts and Crafts &#8212; Joyce Country &amp; Western Lakes Geopark Project","isPartOf":{"@id":"https:\/\/joycecountrygeoparkproject.ie\/en\/#website"},"primaryImageOfPage":{"@id":"https:\/\/joycecountrygeoparkproject.ie\/arts-and-crafts\/#primaryimage"},"image":{"@id":"https:\/\/joycecountrygeoparkproject.ie\/arts-and-crafts\/#primaryimage"},"thumbnailUrl":"https:\/\/joycecountrygeoparkproject.ie\/wp-content\/uploads\/2020\/10\/Deirdre-en-plein-air.png","datePublished":"2020-10-07T11:30:51+00:00","dateModified":"2022-07-13T16:02:48+00:00","breadcrumb":{"@id":"https:\/\/joycecountrygeoparkproject.ie\/arts-and-crafts\/#breadcrumb"},"inLanguage":"ga","potentialAction":[{"@type":"ReadAction","target":["https:\/\/joycecountrygeoparkproject.ie\/arts-and-crafts\/"]}]},{"@type":"ImageObject","inLanguage":"ga","@id":"https:\/\/joycecountrygeoparkproject.ie\/arts-and-crafts\/#primaryimage","url":"https:\/\/joycecountrygeoparkproject.ie\/wp-content\/uploads\/2020\/10\/Deirdre-en-plein-air.png","contentUrl":"https:\/\/joycecountrygeoparkproject.ie\/wp-content\/uploads\/2020\/10\/Deirdre-en-plein-air.png","width":1920,"height":984,"caption":"Outdoor painting workshop Lough Carra"},{"@type":"BreadcrumbList","@id":"https:\/\/joycecountrygeoparkproject.ie\/arts-and-crafts\/#breadcrumb","itemListElement":[{"@type":"ListItem","position":1,"name":"Home","item":"https:\/\/joycecountrygeoparkproject.ie\/"},{"@type":"ListItem","position":2,"name":"Arts and Crafts"}]},{"@type":"WebSite","@id":"https:\/\/joycecountrygeoparkproject.ie\/en\/#website","url":"https:\/\/joycecountrygeoparkproject.ie\/en\/","name":"Joyce Country And Western Lakes Geopark","description":"Working towards a Geopark in the West of Ireland","publisher":{"@id":"https:\/\/joycecountrygeoparkproject.ie\/en\/#organization"},"potentialAction":[{"@type":"SearchAction","target":{"@type":"EntryPoint","urlTemplate":"https:\/\/joycecountrygeoparkproject.ie\/en\/?s={search_term_string}"},"query-input":{"@type":"PropertyValueSpecification","valueRequired":true,"valueName":"search_term_string"}}],"inLanguage":"ga"},{"@type":"Organization","@id":"https:\/\/joycecountrygeoparkproject.ie\/en\/#organization","name":"Joyce Country And Western Lakes Geopark","url":"https:\/\/joycecountrygeoparkproject.ie\/en\/","logo":{"@type":"ImageObject","inLanguage":"ga","@id":"https:\/\/joycecountrygeoparkproject.ie\/en\/#\/schema\/logo\/image\/","url":"https:\/\/joycecountrygeoparkproject.ie\/wp-content\/uploads\/2020\/07\/Landscape-logo_colour_resize.svg","contentUrl":"https:\/\/joycecountrygeoparkproject.ie\/wp-content\/uploads\/2020\/07\/Landscape-logo_colour_resize.svg","width":1,"height":1,"caption":"Joyce Country And Western Lakes Geopark"},"image":{"@id":"https:\/\/joycecountrygeoparkproject.ie\/en\/#\/schema\/logo\/image\/"},"sameAs":["https:\/\/www.facebook.com\/JCWLGeopark\/","https:\/\/x.com\/JCWLGeopark","https:\/\/www.instagram.com\/JCWLGeopark\/","https:\/\/www.youtube.com\/@JCWLGeopark"]}]}},"_links":{"self":[{"href":"https:\/\/joycecountrygeoparkproject.ie\/ga\/wp-json\/wp\/v2\/pages\/5263","targetHints":{"allow":["GET"]}}],"collection":[{"href":"https:\/\/joycecountrygeoparkproject.ie\/ga\/wp-json\/wp\/v2\/pages"}],"about":[{"href":"https:\/\/joycecountrygeoparkproject.ie\/ga\/wp-json\/wp\/v2\/types\/page"}],"author":[{"embeddable":true,"href":"https:\/\/joycecountrygeoparkproject.ie\/ga\/wp-json\/wp\/v2\/users\/3"}],"replies":[{"embeddable":true,"href":"https:\/\/joycecountrygeoparkproject.ie\/ga\/wp-json\/wp\/v2\/comments?post=5263"}],"version-history":[{"count":8,"href":"https:\/\/joycecountrygeoparkproject.ie\/ga\/wp-json\/wp\/v2\/pages\/5263\/revisions"}],"predecessor-version":[{"id":6701,"href":"https:\/\/joycecountrygeoparkproject.ie\/ga\/wp-json\/wp\/v2\/pages\/5263\/revisions\/6701"}],"wp:featuredmedia":[{"embeddable":true,"href":"https:\/\/joycecountrygeoparkproject.ie\/ga\/wp-json\/wp\/v2\/media\/5269"}],"wp:attachment":[{"href":"https:\/\/joycecountrygeoparkproject.ie\/ga\/wp-json\/wp\/v2\/media?parent=5263"}],"curies":[{"name":"wp","href":"https:\/\/api.w.org\/{rel}","templated":true}]}}